{"id":82,"date":"2019-07-11T09:46:33","date_gmt":"2019-07-11T09:46:33","guid":{"rendered":"http:\/\/www.rugby-unterfoehring.de\/?page_id=82"},"modified":"2023-08-30T10:33:44","modified_gmt":"2023-08-30T08:33:44","slug":"mannschaften","status":"publish","type":"page","link":"https:\/\/www.rugby-unterfoehring.de\/en\/mannschaften\/","title":{"rendered":"Mannschaften"},"content":{"rendered":"\n<p class=\"has-text-align-center\"><\/p>\n\n\n\n<div id=\"ez-toc-container\" class=\"ez-toc-v2_0_82_2 counter-hierarchy ez-toc-counter ez-toc-grey ez-toc-container-direction\">\n<div class=\"ez-toc-title-container\">\n<p class=\"ez-toc-title\" style=\"cursor:inherit\">Seiteninhalt<\/p>\n<span class=\"ez-toc-title-toggle\"><a href=\"#\" class=\"ez-toc-pull-right ez-toc-btn ez-toc-btn-xs ez-toc-btn-default ez-toc-toggle\" aria-label=\"Toggle Table of Content\"><span class=\"ez-toc-js-icon-con\"><span class=\"\"><span class=\"eztoc-hide\" style=\"display:none;\">Toggle<\/span><span class=\"ez-toc-icon-toggle-span\"><svg style=\"fill: #999;color:#999\" xmlns=\"http:\/\/www.w3.org\/2000\/svg\" class=\"list-377408\" width=\"20px\" height=\"20px\" viewBox=\"0 0 24 24\" fill=\"none\"><path d=\"M6 6H4v2h2V6zm14 0H8v2h12V6zM4 11h2v2H4v-2zm16 0H8v2h12v-2zM4 16h2v2H4v-2zm16 0H8v2h12v-2z\" fill=\"currentColor\"><\/path><\/svg><svg style=\"fill: #999;color:#999\" class=\"arrow-unsorted-368013\" xmlns=\"http:\/\/www.w3.org\/2000\/svg\" width=\"10px\" height=\"10px\" viewBox=\"0 0 24 24\" version=\"1.2\" baseProfile=\"tiny\"><path d=\"M18.2 9.3l-6.2-6.3-6.2 6.3c-.2.2-.3.4-.3.7s.1.5.3.7c.2.2.4.3.7.3h11c.3 0 .5-.1.7-.3.2-.2.3-.5.3-.7s-.1-.5-.3-.7zM5.8 14.7l6.2 6.3 6.2-6.3c.2-.2.3-.5.3-.7s-.1-.5-.3-.7c-.2-.2-.4-.3-.7-.3h-11c-.3 0-.5.1-.7.3-.2.2-.3.5-.3.7s.1.5.3.7z\"\/><\/svg><\/span><\/span><\/span><\/a><\/span><\/div>\n<nav><ul class='ez-toc-list ez-toc-list-level-1 ' ><li class='ez-toc-page-1 ez-toc-heading-level-2'><a class=\"ez-toc-link ez-toc-heading-1\" href=\"https:\/\/www.rugby-unterfoehring.de\/en\/mannschaften\/#Jugend\" >Jugend<\/a><\/li><li class='ez-toc-page-1 ez-toc-heading-level-2'><a class=\"ez-toc-link ez-toc-heading-2\" href=\"https:\/\/www.rugby-unterfoehring.de\/en\/mannschaften\/#Frauen\" >Frauen<\/a><\/li><li class='ez-toc-page-1 ez-toc-heading-level-2'><a class=\"ez-toc-link ez-toc-heading-3\" href=\"https:\/\/www.rugby-unterfoehring.de\/en\/mannschaften\/#Herren_1_Herren_2\" >Herren 1 \/ Herren 2<\/a><\/li><\/ul><\/nav><\/div>\n<h2 class=\"wp-block-heading\"><span class=\"ez-toc-section\" id=\"Jugend\"><\/span><a href=\"https:\/\/rugbyweb.de\/index.php?league=RVBYutu\">Jugend<\/a><span class=\"ez-toc-section-end\"><\/span><\/h2>\n\n\n<div class=\"wp-block-image\">\n<figure class=\"alignleft is-resized\"><img loading=\"lazy\" decoding=\"async\" src=\"http:\/\/www.rugby-unterfoehring.de\/wp-content\/uploads\/2019\/09\/PHOTO-2019-09-12-19-05-51-1024x768.jpg\" alt=\"\" class=\"wp-image-118\" style=\"width:361px;height:271px\" width=\"361\" height=\"271\" srcset=\"https:\/\/www.rugby-unterfoehring.de\/wp-content\/uploads\/2019\/09\/PHOTO-2019-09-12-19-05-51.jpg 1024w, https:\/\/www.rugby-unterfoehring.de\/wp-content\/uploads\/2019\/09\/PHOTO-2019-09-12-19-05-51-300x225.jpg 300w, https:\/\/www.rugby-unterfoehring.de\/wp-content\/uploads\/2019\/09\/PHOTO-2019-09-12-19-05-51-768x576.jpg 768w\" sizes=\"auto, (max-width: 361px) 100vw, 361px\" \/><\/figure>\n<\/div>\n\n\n<p>Wir sehen unsere Jugend als Grundstein der Erwachsenen.  Mittlerweile haben wir den gr\u00f6\u00dften und erfolgreichsten Jugendbereich in Bayern aufgebaut. <\/p>\n\n\n\n<figure class=\"wp-block-image size-large is-resized\"><img loading=\"lazy\" decoding=\"async\" src=\"https:\/\/www.rugby-unterfoehring.de\/wp-content\/uploads\/2020\/01\/52401114_1996761633963145_5680896338397495296_n.jpg\" alt=\"\" class=\"wp-image-246\" style=\"width:166px;height:166px\" width=\"166\" height=\"166\" srcset=\"https:\/\/www.rugby-unterfoehring.de\/wp-content\/uploads\/2020\/01\/52401114_1996761633963145_5680896338397495296_n.jpg 504w, https:\/\/www.rugby-unterfoehring.de\/wp-content\/uploads\/2020\/01\/52401114_1996761633963145_5680896338397495296_n-300x300.jpg 300w, https:\/\/www.rugby-unterfoehring.de\/wp-content\/uploads\/2020\/01\/52401114_1996761633963145_5680896338397495296_n-150x150.jpg 150w\" sizes=\"auto, (max-width: 166px) 100vw, 166px\" \/><\/figure>\n\n\n\n<h2 class=\"wp-block-heading\"><span class=\"ez-toc-section\" id=\"Frauen\"><\/span><a href=\"https:\/\/rugbyweb.de\/index.php?league=D7Fsued\">Frauen<\/a><span class=\"ez-toc-section-end\"><\/span><\/h2>\n\n\n<div class=\"wp-block-image\">\n<figure class=\"alignleft is-resized\"><img loading=\"lazy\" decoding=\"async\" src=\"http:\/\/www.rugby-unterfoehring.de\/wp-content\/uploads\/2019\/09\/file-4-1024x576.jpeg\" alt=\"\" class=\"wp-image-114\" style=\"width:271px;height:152px\" width=\"271\" height=\"152\" srcset=\"https:\/\/www.rugby-unterfoehring.de\/wp-content\/uploads\/2019\/09\/file-4-1024x576.jpeg 1024w, https:\/\/www.rugby-unterfoehring.de\/wp-content\/uploads\/2019\/09\/file-4-300x169.jpeg 300w, https:\/\/www.rugby-unterfoehring.de\/wp-content\/uploads\/2019\/09\/file-4-768x432.jpeg 768w, https:\/\/www.rugby-unterfoehring.de\/wp-content\/uploads\/2019\/09\/file-4.jpeg 1376w\" sizes=\"auto, (max-width: 271px) 100vw, 271px\" \/><\/figure>\n<\/div>\n\n\n<p>Unsere Frauenabteilung wurde 2016 gegr\u00fcndet und sie nennen sich selbst die Fairys. Seit 2017 spielen die M\u00e4dels erfolgreich in einer Spielgemeinschaft mit Bad Reichenhall, was dann zur Folge hat das man den Raufairys begegnet.<\/p>\n\n\n\n<p><\/p>\n\n\n\n<h2 class=\"wp-block-heading\"><span class=\"ez-toc-section\" id=\"Herren_1_Herren_2\"><\/span><a href=\"https:\/\/rugbyweb.de\/index.php?league=BL2S\">Herren 1<\/a> \/ <a href=\"https:\/\/rugbyweb.de\/index.php?league=VLbayern\">Herren 2<\/a><span class=\"ez-toc-section-end\"><\/span><\/h2>\n\n\n\n<p>Die M\u00e4nner sind mit der Gr\u00fcndung des Vereins im Jahr 2012 das erste mal in Erscheinung getreten. Nach anf\u00e4nglichen Schwierigkeiten haben sie sich mittlerweile im Mittelfeld der 2. Bundesliga festgesetzt.<\/p>\n\n\n<div class=\"wp-block-image\">\n<figure class=\"alignright size-large is-resized\"><img loading=\"lazy\" decoding=\"async\" src=\"https:\/\/www.rugby-unterfoehring.de\/wp-content\/uploads\/2020\/06\/Rugby_BL_Logo-910x1024.png\" alt=\"\" class=\"wp-image-385\" style=\"width:192px;height:216px\" width=\"192\" height=\"216\" srcset=\"https:\/\/www.rugby-unterfoehring.de\/wp-content\/uploads\/2020\/06\/Rugby_BL_Logo-910x1024.png 910w, https:\/\/www.rugby-unterfoehring.de\/wp-content\/uploads\/2020\/06\/Rugby_BL_Logo-267x300.png 267w, https:\/\/www.rugby-unterfoehring.de\/wp-content\/uploads\/2020\/06\/Rugby_BL_Logo-768x864.png 768w, https:\/\/www.rugby-unterfoehring.de\/wp-content\/uploads\/2020\/06\/Rugby_BL_Logo.png 1157w\" sizes=\"auto, (max-width: 192px) 100vw, 192px\" \/><\/figure>\n<\/div>","protected":false},"excerpt":{"rendered":"<p>Jugend Wir sehen unsere Jugend als Grundstein der Erwachsenen. Mittlerweile haben wir den gr\u00f6\u00dften und erfolgreichsten Jugendbereich in Bayern aufgebaut. Frauen Unsere Frauenabteilung wurde 2016 gegr\u00fcndet und sie nennen sich [&hellip;]<\/p>\n","protected":false},"author":2,"featured_media":0,"parent":0,"menu_order":0,"comment_status":"closed","ping_status":"closed","template":"","meta":{"_price":"","_stock":"","_tribe_ticket_header":"","_tribe_default_ticket_provider":"","_tribe_ticket_capacity":"0","_ticket_start_date":"","_ticket_end_date":"","_tribe_ticket_show_description":"","_tribe_ticket_show_not_going":false,"_tribe_ticket_use_global_stock":"","_tribe_ticket_global_stock_level":"","_global_stock_mode":"","_global_stock_cap":"","_tribe_rsvp_for_event":"","_tribe_ticket_going_count":"","_tribe_ticket_not_going_count":"","_tribe_tickets_list":"[]","_tribe_ticket_has_attendee_info_fields":false,"footnotes":""},"class_list":["post-82","page","type-page","status-publish","hentry"],"translation":{"provider":"WPGlobus","version":"3.0.2","language":"en","enabled_languages":["de","en"],"languages":{"de":{"title":true,"content":true,"excerpt":false},"en":{"title":false,"content":false,"excerpt":false}}},"_links":{"self":[{"href":"https:\/\/www.rugby-unterfoehring.de\/en\/wp-json\/wp\/v2\/pages\/82","targetHints":{"allow":["GET"]}}],"collection":[{"href":"https:\/\/www.rugby-unterfoehring.de\/en\/wp-json\/wp\/v2\/pages"}],"about":[{"href":"https:\/\/www.rugby-unterfoehring.de\/en\/wp-json\/wp\/v2\/types\/page"}],"author":[{"embeddable":true,"href":"https:\/\/www.rugby-unterfoehring.de\/en\/wp-json\/wp\/v2\/users\/2"}],"replies":[{"embeddable":true,"href":"https:\/\/www.rugby-unterfoehring.de\/en\/wp-json\/wp\/v2\/comments?post=82"}],"version-history":[{"count":3,"href":"https:\/\/www.rugby-unterfoehring.de\/en\/wp-json\/wp\/v2\/pages\/82\/revisions"}],"predecessor-version":[{"id":818,"href":"https:\/\/www.rugby-unterfoehring.de\/en\/wp-json\/wp\/v2\/pages\/82\/revisions\/818"}],"wp:attachment":[{"href":"https:\/\/www.rugby-unterfoehring.de\/en\/wp-json\/wp\/v2\/media?parent=82"}],"curies":[{"name":"wp","href":"https:\/\/api.w.org\/{rel}","templated":true}]}}