{"id":691,"date":"2022-09-13T11:12:07","date_gmt":"2022-09-13T09:12:07","guid":{"rendered":"https:\/\/www.rugby-unterfoehring.de\/?page_id=691"},"modified":"2024-03-01T10:08:42","modified_gmt":"2024-03-01T09:08:42","slug":"herren","status":"publish","type":"page","link":"https:\/\/www.rugby-unterfoehring.de\/en\/herren\/","title":{"rendered":"Unsere Herrenabteilung"},"content":{"rendered":"\n<h2 class=\"wp-block-heading\"><a href=\"https:\/\/www.rugby-unterfoehring.de\/rcu-kalender\/kategorie\/ligabetrieb\/\">Spieltermine der Herrenmannschaften<\/a><\/h2>\n\n\n\n<p>Die M\u00e4nner sind mit der Gr\u00fcndung des Vereins im Jahr 2012 das erste mal in Erscheinung getreten. Nach anf\u00e4nglichen Schwierigkeiten haben sie sich mittlerweile im Mittelfeld der 2. Bundesliga festgesetzt.<\/p>\n\n\n\n<figure class=\"wp-block-table alignleft is-style-stripes\"><table><tbody><tr><td>Saison<\/td><td>Liga und Platz<\/td><\/tr><tr><td>2012\/ 2013<\/td><td>Regionalliga 7. Platz<br>Verbandsliga mit FFB 4. Platz<\/td><\/tr><tr><td>2013\/ 2014<\/td><td>Regionalliga mit FFB 6. Platz<br>Verbandsliga mit FFB 6. Platz<\/td><\/tr><tr><td>2014\/ 2015<\/td><td>Regionalliga 6. Platz<br>Verbandliga 4. Platz<\/td><\/tr><tr><td>2015\/ 2016<\/td><td>Regionalliga 2. Platz<\/td><\/tr><tr><td>2016\/ 2017<\/td><td>Regionalliga 2. Platz<br>Verbandsliga mit Passau 3. Platz<\/td><\/tr><tr><td>2017\/ 2018<\/td><td>2. Bundesliga 5. Platz<br>Verbandsliga mit Ingolstadt 4. Platz<\/td><\/tr><tr><td>2018\/ 2019<\/td><td>2. Bundesliga 5. Platz<br>Verbandsliga mit Ingolstadt 8. Platz<\/td><\/tr><tr><td>2019\/ 2020<\/td><td>Keine Ligen (Corona)<\/td><\/tr><tr><td>2020\/ 2021<\/td><td>Keine Ligen (Corona)<\/td><\/tr><tr><td>2021\/ 2022<\/td><td>2. Bundesliga 5. Platz<\/td><\/tr><tr><td>2022\/ 2023<\/td><td>2. Bundesliga 2. Platz<br>Verbandsliga 3. Platz<\/td><\/tr><\/tbody><\/table><\/figure>\n\n\n<div class=\"wp-block-image\">\n<figure class=\"alignright size-large is-resized\"><img loading=\"lazy\" decoding=\"async\" width=\"910\" height=\"1024\" src=\"https:\/\/www.rugby-unterfoehring.de\/wp-content\/uploads\/2020\/06\/Rugby_BL_Logo-910x1024.png\" alt=\"\" class=\"wp-image-385\" style=\"width:192px;height:216px\" srcset=\"https:\/\/www.rugby-unterfoehring.de\/wp-content\/uploads\/2020\/06\/Rugby_BL_Logo-910x1024.png 910w, https:\/\/www.rugby-unterfoehring.de\/wp-content\/uploads\/2020\/06\/Rugby_BL_Logo-267x300.png 267w, https:\/\/www.rugby-unterfoehring.de\/wp-content\/uploads\/2020\/06\/Rugby_BL_Logo-768x864.png 768w, https:\/\/www.rugby-unterfoehring.de\/wp-content\/uploads\/2020\/06\/Rugby_BL_Logo.png 1157w\" sizes=\"auto, (max-width: 910px) 100vw, 910px\" \/><\/figure>\n<\/div>\n\n<div class=\"wp-block-image\">\n<figure class=\"alignright size-large is-resized\"><img loading=\"lazy\" decoding=\"async\" width=\"366\" height=\"417\" src=\"https:\/\/www.rugby-unterfoehring.de\/wp-content\/uploads\/2020\/06\/LOGO-in-farbe.jpg\" alt=\"\" class=\"wp-image-386\" style=\"width:225px;height:256px\" srcset=\"https:\/\/www.rugby-unterfoehring.de\/wp-content\/uploads\/2020\/06\/LOGO-in-farbe.jpg 366w, https:\/\/www.rugby-unterfoehring.de\/wp-content\/uploads\/2020\/06\/LOGO-in-farbe-263x300.jpg 263w\" sizes=\"auto, (max-width: 366px) 100vw, 366px\" \/><\/figure>\n<\/div>\n\n\n<p><strong>Mitgliedsbeitr\u00e4ge:<\/strong><\/p>\n\n\n\n<figure class=\"wp-block-table alignleft is-style-stripes\"><table><tbody><tr><td>Erwachsen<\/td><td>120\u20ac\/a<\/td><\/tr><tr><td>Kinder<\/td><td>60\u20ac\/a<\/td><\/tr><tr><td>Studenten\/Azubi<\/td><td>72\u20ac\/a<\/td><\/tr><tr><td>Familien<\/td><td>180\u20ac\/a<\/td><\/tr><tr><td>Stille Mitglieder<\/td><td>50\/a<\/td><\/tr><\/tbody><\/table><\/figure>\n","protected":false},"excerpt":{"rendered":"<p>Spieltermine der Herrenmannschaften Die M\u00e4nner sind mit der Gr\u00fcndung des Vereins im Jahr 2012 das erste mal in Erscheinung getreten. Nach anf\u00e4nglichen Schwierigkeiten haben sie sich mittlerweile im Mittelfeld der [&hellip;]<\/p>\n","protected":false},"author":7,"featured_media":0,"parent":0,"menu_order":0,"comment_status":"closed","ping_status":"closed","template":"","meta":{"_price":"","_stock":"","_tribe_ticket_header":"","_tribe_default_ticket_provider":"","_tribe_ticket_capacity":"0","_ticket_start_date":"","_ticket_end_date":"","_tribe_ticket_show_description":"","_tribe_ticket_show_not_going":false,"_tribe_ticket_use_global_stock":"","_tribe_ticket_global_stock_level":"","_global_stock_mode":"","_global_stock_cap":"","_tribe_rsvp_for_event":"","_tribe_ticket_going_count":"","_tribe_ticket_not_going_count":"","_tribe_tickets_list":"[]","_tribe_ticket_has_attendee_info_fields":false,"footnotes":""},"class_list":["post-691","page","type-page","status-publish","hentry"],"translation":{"provider":"WPGlobus","version":"3.0.2","language":"en","enabled_languages":["de","en"],"languages":{"de":{"title":true,"content":true,"excerpt":false},"en":{"title":false,"content":false,"excerpt":false}}},"_links":{"self":[{"href":"https:\/\/www.rugby-unterfoehring.de\/en\/wp-json\/wp\/v2\/pages\/691","targetHints":{"allow":["GET"]}}],"collection":[{"href":"https:\/\/www.rugby-unterfoehring.de\/en\/wp-json\/wp\/v2\/pages"}],"about":[{"href":"https:\/\/www.rugby-unterfoehring.de\/en\/wp-json\/wp\/v2\/types\/page"}],"author":[{"embeddable":true,"href":"https:\/\/www.rugby-unterfoehring.de\/en\/wp-json\/wp\/v2\/users\/7"}],"replies":[{"embeddable":true,"href":"https:\/\/www.rugby-unterfoehring.de\/en\/wp-json\/wp\/v2\/comments?post=691"}],"version-history":[{"count":3,"href":"https:\/\/www.rugby-unterfoehring.de\/en\/wp-json\/wp\/v2\/pages\/691\/revisions"}],"predecessor-version":[{"id":1098,"href":"https:\/\/www.rugby-unterfoehring.de\/en\/wp-json\/wp\/v2\/pages\/691\/revisions\/1098"}],"wp:attachment":[{"href":"https:\/\/www.rugby-unterfoehring.de\/en\/wp-json\/wp\/v2\/media?parent=691"}],"curies":[{"name":"wp","href":"https:\/\/api.w.org\/{rel}","templated":true}]}}