{"id":625,"date":"2022-08-29T21:31:23","date_gmt":"2022-08-29T19:31:23","guid":{"rendered":"https:\/\/www.rugby-unterfoehring.de\/?page_id=625"},"modified":"2023-08-30T10:18:08","modified_gmt":"2023-08-30T08:18:08","slug":"verein","status":"publish","type":"page","link":"https:\/\/www.rugby-unterfoehring.de\/en\/verein\/","title":{"rendered":"Verein"},"content":{"rendered":"\n<h2 class=\"wp-block-heading\">RUGBY IN M\u00dcNCHEN LAND<\/h2>\n\n\n\n<p>Herzlich willkommen in unserer Rugby Familie! Der Rugby Club Unterf\u00f6hring e.V. hat sich am 21.06.2012 gegr\u00fcndet. In k\u00fcrzester Zeit haben sich zwei Herren, eine Frauen und Jugenden von U6-U21 entwickelt. Seit 2017 ist der Verein der zweit gr\u00f6\u00dfte Rugby Union Verein in ganz Bayern.<\/p>\n\n\n\n<p><\/p>\n\n\n\n<p><\/p>\n","protected":false},"excerpt":{"rendered":"<p>RUGBY IN M\u00dcNCHEN LAND Herzlich willkommen in unserer Rugby Familie! Der Rugby Club Unterf\u00f6hring e.V. hat sich am 21.06.2012 gegr\u00fcndet. In k\u00fcrzester Zeit haben sich zwei Herren, eine Frauen und [&hellip;]<\/p>\n","protected":false},"author":7,"featured_media":0,"parent":0,"menu_order":0,"comment_status":"closed","ping_status":"closed","template":"","meta":{"_price":"","_stock":"","_tribe_ticket_header":"","_tribe_default_ticket_provider":"","_tribe_ticket_capacity":"0","_ticket_start_date":"","_ticket_end_date":"","_tribe_ticket_show_description":"","_tribe_ticket_show_not_going":false,"_tribe_ticket_use_global_stock":"","_tribe_ticket_global_stock_level":"","_global_stock_mode":"","_global_stock_cap":"","_tribe_rsvp_for_event":"","_tribe_ticket_going_count":"","_tribe_ticket_not_going_count":"","_tribe_tickets_list":"[]","_tribe_ticket_has_attendee_info_fields":false,"footnotes":""},"class_list":["post-625","page","type-page","status-publish","hentry"],"translation":{"provider":"WPGlobus","version":"3.0.2","language":"en","enabled_languages":["de","en"],"languages":{"de":{"title":true,"content":true,"excerpt":false},"en":{"title":false,"content":false,"excerpt":false}}},"_links":{"self":[{"href":"https:\/\/www.rugby-unterfoehring.de\/en\/wp-json\/wp\/v2\/pages\/625","targetHints":{"allow":["GET"]}}],"collection":[{"href":"https:\/\/www.rugby-unterfoehring.de\/en\/wp-json\/wp\/v2\/pages"}],"about":[{"href":"https:\/\/www.rugby-unterfoehring.de\/en\/wp-json\/wp\/v2\/types\/page"}],"author":[{"embeddable":true,"href":"https:\/\/www.rugby-unterfoehring.de\/en\/wp-json\/wp\/v2\/users\/7"}],"replies":[{"embeddable":true,"href":"https:\/\/www.rugby-unterfoehring.de\/en\/wp-json\/wp\/v2\/comments?post=625"}],"version-history":[{"count":3,"href":"https:\/\/www.rugby-unterfoehring.de\/en\/wp-json\/wp\/v2\/pages\/625\/revisions"}],"predecessor-version":[{"id":848,"href":"https:\/\/www.rugby-unterfoehring.de\/en\/wp-json\/wp\/v2\/pages\/625\/revisions\/848"}],"wp:attachment":[{"href":"https:\/\/www.rugby-unterfoehring.de\/en\/wp-json\/wp\/v2\/media?parent=625"}],"curies":[{"name":"wp","href":"https:\/\/api.w.org\/{rel}","templated":true}]}}