{"id":617,"date":"2022-07-27T14:49:21","date_gmt":"2022-07-27T12:49:21","guid":{"rendered":"https:\/\/www.rugby-unterfoehring.de\/?page_id=617"},"modified":"2023-07-09T12:17:33","modified_gmt":"2023-07-09T10:17:33","slug":"psg","status":"publish","type":"page","link":"https:\/\/www.rugby-unterfoehring.de\/en\/psg\/","title":{"rendered":"PR\u00c4VENTION SEXUALISIERTER GEWALT (PSG)"},"content":{"rendered":"\n<p> <\/p>\n\n\n\n<h2 class=\"wp-block-heading\"><\/h2>\n\n\n\n<p>Der Rugby Club Unterf\u00f6hring&nbsp;e.V. und seine Unterorganisationen lehnen jede Form von sexualisierter Gewalt strikt ab und wirken aktiv an der Pr\u00e4vention und Bek\u00e4mpfung sexualisierter Gewalt im Sport mit.<\/p>\n\n\n\n<p>Als Ansprechpartner f\u00fcr den Verein steht f\u00fcr dieses Thema der Vorstand zur Verf\u00fcgung.<\/p>\n\n\n\n<p>Der RCU hat ein Pr\u00e4ventionskonzept erarbeitet, das neben den vorhandenen Strukturelementen eine konsequente Umsetzung von Ma\u00dfnahmen nach entsprechenden Vorgaben von dsj, DOSB sowie dem Bundesministerium des Inneren (BMI) vorsieht.<\/p>\n\n\n\n<p>Die Deutsche Sportjugend (dsj) und der Deutsche Olympische Sportbund (DOSB) unterst\u00fctzen mit zahlreichen Formaten, wie einer Brosch\u00fcre, dazugeh\u00f6rigen Veranstaltungsformaten sowie dem Stufenmodell f\u00fcr Mindeststandards der Pr\u00e4vention alle Mitgliedsorganisationen bei dieser Aufgabe. Unter folgendem Link finden Sie einen kompakten und informativen&nbsp;<strong>Handlungsleitfaden zum Schutz von Kindern und Jugendlichen vor Grenzverletzungen, sexualisierter Bel\u00e4stigung und Gewalt im Sport.<\/strong>&nbsp;Bei Interesse an gedruckten Exemplaren wendet Euch gerne an den RCU Vorstand oder den PsG beauftragten des Vereins.<\/p>\n\n\n\n<p>Das Deutsche Institut f\u00fcr Jugendhilfe und Familienrecht (DIJuF) hat, unter Mitarbeit der dsj und im Auftrag des Unabh\u00e4ngigen Beauftragten f\u00fcr Fragen des sexuellen Kindesmissbrauchs (UBSKM) des Bundes, eine <strong><a href=\"https:\/\/beauftragter-missbrauch.de\/presse\/pressemitteilungen\/detail\/neue-expertise-zeigt-was-einrichtungen-tun-koennen-um-missbrauch-besser-zu-verhindern-bzw-angemessen-zu-handeln\">neue Expertise<\/a><\/strong> erarbeitet. Diese zeigt, was Einrichtungen tun k\u00f6nnen, um Missbrauch besser zu verhindern bzw. angemessen zu handeln.<\/p>\n\n\n\n<p>Zudem m\u00f6chten wir auf bundesweite, verbandsunabh\u00e4ngige Hilfeangebote hinweisen :&nbsp;&nbsp;<\/p>\n\n\n\n<p><strong><a href=\"http:\/\/www.hilfe-portal-missbrauch.de\">Hilfe-Portal&nbsp;<\/a><\/strong><\/p>\n\n\n\n<p><strong><a href=\"http:\/\/www.hilfe-telefon.missbrauch.de\">Hilfe-Telefon&nbsp;<\/a><\/strong>&nbsp;Tel. 0800 \u2013 22 55 530 (kostenfrei und anonym)<\/p>\n\n\n\n<p><strong><a href=\"https:\/\/www.nummergegenkummer.de\/\">Nummer gegen Kummer<\/a><\/strong><\/p>\n\n\n\n<p>Diese Seite wird von uns regelm\u00e4\u00dfig mit weiteren relevanten Inhalten und Dokumenten best\u00fcckt. Schon jetzt besteht f\u00fcr alle Sportler-, Trainer- und Betreuer:innen die M\u00f6glichkeit mit dem Vorstand Kontakt aufzunehmen.\u00a0\u00a0<\/p>\n\n\n\n<p>Wir werden weitere Ma\u00dfnahmen ergreifen und wiederkehrend alle Beteiligten f\u00fcr dieses wichtige Thema weiter zu sensibilisieren.&nbsp;<\/p>\n\n\n\n<p>Weitere Infos sind auch auf den Seite des <a href=\"https:\/\/www.rugbydeutschland.org\" target=\"_blank\" rel=\"noreferrer noopener\">DRV <\/a>zu finden. Hier gibt es eine Seite zum Thema <a href=\"https:\/\/www.rugbydeutschland.org\/page\/psg-87925\" target=\"_blank\" rel=\"noreferrer noopener\">PsG<\/a>.<\/p>\n\n\n\n<p><\/p>\n\n\n\n<p><strong>Dateisammlung PsG@RCU<\/strong>:<\/p>\n\n\n\n<p><a href=\"https:\/\/www.rugby-unterfoehring.de\/wp-content\/uploads\/2022\/11\/Safe_Sport_Handlungsempfehlungen_Sportvereine.pdf\" target=\"_blank\" rel=\"noreferrer noopener\">Handlungsempfehlungen f\u00fcr Sportvereine Safe Sport<\/a><\/p>\n\n\n\n<p><a href=\"https:\/\/www.rugby-unterfoehring.de\/wp-content\/uploads\/2022\/10\/Ehrenkodex_RCU_2022_DE.pdf\" target=\"_blank\" rel=\"noreferrer noopener\">Ehrenkodex RCU Deutsch<\/a><\/p>\n\n\n\n<p><a rel=\"noreferrer noopener\" href=\"https:\/\/www.rugby-unterfoehring.de\/wp-content\/uploads\/2022\/10\/Ehrenkodex_RCU_2022_EN.pdf\" target=\"_blank\">Ehrenkodex RCU English<\/a><\/p>\n\n\n\n<p><a href=\"https:\/\/www.rugby-unterfoehring.de\/wp-content\/uploads\/2022\/11\/RCU_PsG_Trainer_Verhaltensleitfaden_2022_web.pdf\" target=\"_blank\" rel=\"noreferrer noopener\">Handlungsleitfaden Trainer RCU Deutsch<\/a><\/p>\n\n\n\n<p><a href=\"https:\/\/www.rugby-unterfoehring.de\/wp-content\/uploads\/2022\/11\/RCU_PsG_Eltern_Checkliste_2022_v02.pdf\" target=\"_blank\" rel=\"noreferrer noopener\">Checkliste Eltern RCU Deutsch<\/a><\/p>\n\n\n\n<p><a href=\"https:\/\/www.rugby-unterfoehring.de\/wp-content\/uploads\/2022\/11\/RCU_PsG_10_Regeln_fuer_Jugendliche_U12_2022_v03.pdf\" target=\"_blank\" rel=\"noreferrer noopener\">10 Regeln f\u00fcr Jugendliche<\/a><\/p>\n\n\n\n<p><a href=\"https:\/\/www.rugby-unterfoehring.de\/wp-content\/uploads\/2022\/11\/RCU_PsG_10_Regeln_fuer_Jugendliche_U10_2022_v02.pdf\" target=\"_blank\" rel=\"noreferrer noopener\">10 Regeln f\u00fcr Jugendliche (bis U10)<\/a><\/p>\n","protected":false},"excerpt":{"rendered":"<p>Der Rugby Club Unterf\u00f6hring&nbsp;e.V. und seine Unterorganisationen lehnen jede Form von sexualisierter Gewalt strikt ab und wirken aktiv an der Pr\u00e4vention und Bek\u00e4mpfung sexualisierter Gewalt im Sport mit. Als Ansprechpartner [&hellip;]<\/p>\n","protected":false},"author":7,"featured_media":0,"parent":0,"menu_order":0,"comment_status":"closed","ping_status":"closed","template":"template-fullwidth.php","meta":{"_price":"","_stock":"","_tribe_ticket_header":"","_tribe_default_ticket_provider":"","_tribe_ticket_capacity":"0","_ticket_start_date":"","_ticket_end_date":"","_tribe_ticket_show_description":"","_tribe_ticket_show_not_going":false,"_tribe_ticket_use_global_stock":"","_tribe_ticket_global_stock_level":"","_global_stock_mode":"","_global_stock_cap":"","_tribe_rsvp_for_event":"","_tribe_ticket_going_count":"","_tribe_ticket_not_going_count":"","_tribe_tickets_list":"[]","_tribe_ticket_has_attendee_info_fields":false,"footnotes":""},"class_list":["post-617","page","type-page","status-publish","hentry"],"translation":{"provider":"WPGlobus","version":"3.0.2","language":"en","enabled_languages":["de","en"],"languages":{"de":{"title":true,"content":true,"excerpt":false},"en":{"title":false,"content":false,"excerpt":false}}},"_links":{"self":[{"href":"https:\/\/www.rugby-unterfoehring.de\/en\/wp-json\/wp\/v2\/pages\/617","targetHints":{"allow":["GET"]}}],"collection":[{"href":"https:\/\/www.rugby-unterfoehring.de\/en\/wp-json\/wp\/v2\/pages"}],"about":[{"href":"https:\/\/www.rugby-unterfoehring.de\/en\/wp-json\/wp\/v2\/types\/page"}],"author":[{"embeddable":true,"href":"https:\/\/www.rugby-unterfoehring.de\/en\/wp-json\/wp\/v2\/users\/7"}],"replies":[{"embeddable":true,"href":"https:\/\/www.rugby-unterfoehring.de\/en\/wp-json\/wp\/v2\/comments?post=617"}],"version-history":[{"count":3,"href":"https:\/\/www.rugby-unterfoehring.de\/en\/wp-json\/wp\/v2\/pages\/617\/revisions"}],"predecessor-version":[{"id":788,"href":"https:\/\/www.rugby-unterfoehring.de\/en\/wp-json\/wp\/v2\/pages\/617\/revisions\/788"}],"wp:attachment":[{"href":"https:\/\/www.rugby-unterfoehring.de\/en\/wp-json\/wp\/v2\/media?parent=617"}],"curies":[{"name":"wp","href":"https:\/\/api.w.org\/{rel}","templated":true}]}}