{"id":514,"date":"2021-09-17T12:06:29","date_gmt":"2021-09-17T10:06:29","guid":{"rendered":"https:\/\/www.rugby-unterfoehring.de\/?page_id=514"},"modified":"2024-03-01T10:07:23","modified_gmt":"2024-03-01T09:07:23","slug":"touch-ufg","status":"publish","type":"page","link":"https:\/\/www.rugby-unterfoehring.de\/en\/touch-ufg\/","title":{"rendered":"Touch Rugby in Unterf\u00f6hring"},"content":{"rendered":"\n<p>Wir sind das Touch Rugby Team!<\/p>\n\n\n\n<p>Seit 2003 wird Touch in Deutschland gespielt, 2007 fing es in M\u00fcnchen an und seit 2019 bieten wir es auch in Unterf\u00f6hring an. Wir haben seit her eine Spielgemeinschaft mit <a href=\"https:\/\/touchmuenchen.teamapp.com\/?_webpage=v1\">Touch M\u00fcnchen<\/a>.<\/p>\n\n\n\n<p>Wie der Name schon sagt hat Touch Rugby seine Wurzeln vom Rugby geerbt, jedoch steht hier Taktik und Schnelligkeit, statt hartem K\u00f6rperkontakt, ganz vorne. Hier erwartet euch ein hoher Spa\u00df und Fitnessfaktor mit einem geringen Verletzungsrisiko. Wegen dem geringen K\u00f6rperkontakt wird Touch h\u00e4ufig in gemischten Mannschaften gespielt. Auch Kinder k\u00f6nnen schon fr\u00fch mit Touch anfangen, da die k\u00f6rperliche Statur und das Alter kein entscheidende Faktoren sind. In unseren Trainings bieten wir f\u00fcr Anf\u00e4nger und Fortgeschrittene jeden Alters die M\u00f6glichkeit sich in dem Sport zu verlieben so wie pers\u00f6nliche F\u00e4higkeiten weiter zu entwickeln.<\/p>\n\n\n\n<figure class=\"wp-block-image is-resized\"><img decoding=\"async\" src=\"https:\/\/lh6.googleusercontent.com\/1M_B0W3lbI4scZdGfa2BHGeP7VTHtVDWuF0vBXPdvp0Tj4a1baba96QM4LkzGrzPN-66l_5P7i-QdeBKeM6B5pa-Iufek6jgSsysTMj6gqEKgfMpnWFJUxlvXGeiYblssEuJPhaL=s0\" alt=\"\" style=\"width:404px;height:350px\"\/><\/figure>\n\n\n\n<p>Spielm\u00f6glichkeiten:<\/p>\n\n\n\n<p>Sonntags (Social Sunday):&nbsp;<\/p>\n\n\n\n<p>Sonntags treffen wir uns im Englischen Garten und spielen gemeinsam f\u00fcr 1,5 bis 2 stunden. Hier kann jeder teilnehmen und es ist der perfekte Zeitpunkt den Sport mal auszuprobieren. Meist wird ein gelungenes Spiel auch mit einem Besuch im Biergarten oder Eisbach abgerundet.<\/p>\n\n\n\n<p>Dienstags (Turnier Training):<\/p>\n\n\n\n<p>Hier trainieren wir Spielz\u00fcge, Timing und Zusammenarbeit, und alles andere was wichtig ist, um auf einem Turnier gut zusammen zu spielen.<\/p>\n\n\n\n<p>Donnerstags (Grundlagen Training):<\/p>\n\n\n\n<p>Hier werden die sozialen, technischen und konditionellen F\u00e4higkeiten trainiert, Gap Running, passen, fangen und viel mehr. Der Perfekte Einstieg in die Touch Welt.<\/p>\n\n\n\n<p>Turniere:<\/p>\n\n\n\n<p>Touch M\u00fcnchen Unterf\u00f6hring nimmt mehrmals pro Jahr an Turnieren innerhalb Deutschlands und Europa teil. Pro Turnier spielen wir zwischen 4 und 10 Spiele. Nach jedem Turnier feiern wir gemeinsam mit den anderen Mannschaften die Erfolge.<\/p>\n\n\n\n<figure class=\"wp-block-image is-resized\"><img decoding=\"async\" src=\"https:\/\/lh4.googleusercontent.com\/6H27M7opiRG4tMR8xrzbqNJEKPSoMIgBQAB5YCqLieNuNH42lnVOmlNeQmnJWYpKX1lckK2iU8poBB9fSQfmlRiG87skgY8c1UB00e7Eo5C-0MW-E9Tgshjrr5KmPfMcu_iCVAnZ=s0\" alt=\"\" style=\"width:390px;height:390px\"\/><\/figure>\n\n\n\n<p>Nationalmannschaft:<\/p>\n\n\n\n<p>Viele unserer Spieler sind\/waren geh\u00f6ren der Nationalmannschaft an und repr\u00e4sentieren Deutschland auf Europameisterschaften und Weltmeisterschaften.<\/p>\n\n\n\n<figure class=\"wp-block-image is-resized\"><img decoding=\"async\" src=\"https:\/\/lh4.googleusercontent.com\/djHsz2O7sueLfP5lBk64AgYZxJmEVI86mCLL-eQoeUtygqEqonWJU-hpmEAsKKKegPzBKDmbXNEEn0GxU5qX43YraARV5rJ2yK-c7sNxWgzQAoeS3gtXOUf6NYGKWMPVh9ckqjqw=s0\" alt=\"\" style=\"width:454px;height:220px\"\/><\/figure>\n\n\n\n<p>J\u00e4hrlich gibt es mehrere Trainingscamps, die f\u00fcr alle Spieler in Deutschland offen sind. Dies bietet die perfekte M\u00f6glichkeit die sportlichen F\u00e4higkeiten auf h\u00f6chstem Niveau zu erweitern, sowie irgendwann selber Deutschland und RCU international repr\u00e4sentieren zu d\u00fcrfen.<\/p>\n\n\n\n<p>Links:<\/p>\n\n\n\n<p><a href=\"https:\/\/discord.com\/invite\/NWEgfrVYfy\">Discord<\/a><\/p>\n\n\n\n<p><a href=\"https:\/\/file-assets.teamapp.com\/uploads\/files\/f58e5b4c-2142-4217-a7af-e9190bd91b06?Expires=1635724799&amp;Signature=Sf8B8CY8uapcnxPoNLMDOahbMSrUD94WGemr2rvkKS1m-ad~I~wKhmAlxCy55qLnFKrlcbXoYYhaeRj-BsEWmHSEg7KXU~GSDHDxnmamBA5ZTg61hdPwcS2r9Hy223zVjHCIMW93BYY~eX8UdHGib6NqX0qbDZErA3RvoV~zAz~H7aCEmpKmc2AjMOkjS~b-CrAZP2D0aH8-TSICZnCzaxfM7rYREsP~IrzB0jZ-cl0jqMYvghVtG-~rSi4ka7i7oWnhnifvv7AjkV~uv288o-~uW2cBBKVxoov-F-Sa1p8k-CmV0UZkBa8F5cVCyqrY~ry18x1JSQWdm6DIPKF1kw__&amp;Key-Pair-Id=APKAJFZWFRGCAFJEEKOA\">5th edition rules<\/a><\/p>\n\n\n\n<p><a href=\"https:\/\/www.touchdeutschland.de\/\">Touch Deutschland<\/a><\/p>\n","protected":false},"excerpt":{"rendered":"<p>Wir sind das Touch Rugby Team! Seit 2003 wird Touch in Deutschland gespielt, 2007 fing es in M\u00fcnchen an und seit 2019 bieten wir es auch in Unterf\u00f6hring an. Wir [&hellip;]<\/p>\n","protected":false},"author":2,"featured_media":0,"parent":0,"menu_order":0,"comment_status":"closed","ping_status":"closed","template":"","meta":{"_price":"","_stock":"","_tribe_ticket_header":"","_tribe_default_ticket_provider":"","_tribe_ticket_capacity":"0","_ticket_start_date":"","_ticket_end_date":"","_tribe_ticket_show_description":"","_tribe_ticket_show_not_going":false,"_tribe_ticket_use_global_stock":"","_tribe_ticket_global_stock_level":"","_global_stock_mode":"","_global_stock_cap":"","_tribe_rsvp_for_event":"","_tribe_ticket_going_count":"","_tribe_ticket_not_going_count":"","_tribe_tickets_list":"[]","_tribe_ticket_has_attendee_info_fields":false,"footnotes":""},"class_list":["post-514","page","type-page","status-publish","hentry"],"translation":{"provider":"WPGlobus","version":"3.0.2","language":"en","enabled_languages":["de","en"],"languages":{"de":{"title":true,"content":true,"excerpt":false},"en":{"title":false,"content":false,"excerpt":false}}},"_links":{"self":[{"href":"https:\/\/www.rugby-unterfoehring.de\/en\/wp-json\/wp\/v2\/pages\/514","targetHints":{"allow":["GET"]}}],"collection":[{"href":"https:\/\/www.rugby-unterfoehring.de\/en\/wp-json\/wp\/v2\/pages"}],"about":[{"href":"https:\/\/www.rugby-unterfoehring.de\/en\/wp-json\/wp\/v2\/types\/page"}],"author":[{"embeddable":true,"href":"https:\/\/www.rugby-unterfoehring.de\/en\/wp-json\/wp\/v2\/users\/2"}],"replies":[{"embeddable":true,"href":"https:\/\/www.rugby-unterfoehring.de\/en\/wp-json\/wp\/v2\/comments?post=514"}],"version-history":[{"count":3,"href":"https:\/\/www.rugby-unterfoehring.de\/en\/wp-json\/wp\/v2\/pages\/514\/revisions"}],"predecessor-version":[{"id":1099,"href":"https:\/\/www.rugby-unterfoehring.de\/en\/wp-json\/wp\/v2\/pages\/514\/revisions\/1099"}],"wp:attachment":[{"href":"https:\/\/www.rugby-unterfoehring.de\/en\/wp-json\/wp\/v2\/media?parent=514"}],"curies":[{"name":"wp","href":"https:\/\/api.w.org\/{rel}","templated":true}]}}