{"id":47,"date":"2019-03-24T17:49:58","date_gmt":"2019-03-24T17:49:58","guid":{"rendered":"http:\/\/www.rugby-unterfoehring.de\/?page_id=47"},"modified":"2022-05-14T16:37:55","modified_gmt":"2022-05-14T14:37:55","slug":"anfahrt","status":"publish","type":"page","link":"https:\/\/www.rugby-unterfoehring.de\/en\/anfahrt\/","title":{"rendered":"Anfahrt"},"content":{"rendered":"\n<p>Der Rugby Club Unterf\u00f6hring e.V. trainiert am Trainingsgel\u00e4nde am Etzweg in Unterf\u00f6hring. <\/p>\n\n\n\n<p>Per Bus erreichbar: Linie 233 bis ZDF-Strasse oder Linie 189 bis Medienallee und dann zu Fu\u00df am Sky Geb\u00e4ude vorbei gehen, wir sind direkt dahinter, neben dem Gel\u00e4nde des neuen Festplatzes. <\/p>\n\n\n\n<p>Es gibt am Trainingsgel\u00e4nde eine paar Parkpl\u00e4tze. Bitte fahrt auf dem Etzweg vorsichtig, hier sind viele Fahrradfahrer und Kinder unterwegs und haltet die Beschilderung zum Parken ein.<\/p>\n\n\n\n<p>Link zum Platz bei <a rel=\"noreferrer noopener\" aria-label=\"Google Maps (\u00f6ffnet in neuem Tab)\" href=\"https:\/\/www.google.de\/maps\/@48.1914413,11.6586033,19.25z\" target=\"_blank\">Google Maps<\/a>.<\/p>\n\n\n\n<figure class=\"wp-block-image\"><a href=\"https:\/\/www.rugby-unterfoehring.de\/wp-content\/uploads\/2019\/03\/anfahrt.png\" target=\"_blank\" rel=\"noreferrer noopener\"><img loading=\"lazy\" decoding=\"async\" width=\"1024\" height=\"749\" src=\"https:\/\/www.rugby-unterfoehring.de\/wp-content\/uploads\/2019\/03\/anfahrt-1024x749.png\" alt=\"Das Bild enth\u00e4lt eine Skizze mit der Anfahrtsbeschreibung. Der Rugby Club Unterf\u00f6hring e.V. trainiert am Trainingsgel\u00e4nde am Etzweg in Unterf\u00f6hring. Per Bus erreichbar: Linie 233 bis ZDF-Strasse oder Linie 189 bis Medienallee. Weitere Fragen beantworten wir gerne unter kontakt@rugby-unterfoehring.de\" class=\"wp-image-48\" srcset=\"https:\/\/www.rugby-unterfoehring.de\/wp-content\/uploads\/2019\/03\/anfahrt-1024x749.png 1024w, https:\/\/www.rugby-unterfoehring.de\/wp-content\/uploads\/2019\/03\/anfahrt-300x220.png 300w, https:\/\/www.rugby-unterfoehring.de\/wp-content\/uploads\/2019\/03\/anfahrt-768x562.png 768w, https:\/\/www.rugby-unterfoehring.de\/wp-content\/uploads\/2019\/03\/anfahrt.png 1894w\" sizes=\"auto, (max-width: 1024px) 100vw, 1024px\" \/><\/a><figcaption>Anfahrtsbeschreibung: Der Rugby Club Unterf\u00f6hring e.V. trainiert am Etzweg.<\/figcaption><\/figure>\n","protected":false},"excerpt":{"rendered":"<p>Der Rugby Club Unterf\u00f6hring e.V. trainiert am Trainingsgel\u00e4nde am Etzweg in Unterf\u00f6hring. Per Bus erreichbar: Linie 233 bis ZDF-Strasse oder Linie 189 bis Medienallee und dann zu Fu\u00df am Sky [&hellip;]<\/p>\n","protected":false},"author":1,"featured_media":0,"parent":0,"menu_order":0,"comment_status":"closed","ping_status":"closed","template":"template-fullwidth.php","meta":{"_price":"","_stock":"","_tribe_ticket_header":"","_tribe_default_ticket_provider":"","_tribe_ticket_capacity":"0","_ticket_start_date":"","_ticket_end_date":"","_tribe_ticket_show_description":"","_tribe_ticket_show_not_going":false,"_tribe_ticket_use_global_stock":"","_tribe_ticket_global_stock_level":"","_global_stock_mode":"","_global_stock_cap":"","_tribe_rsvp_for_event":"","_tribe_ticket_going_count":"","_tribe_ticket_not_going_count":"","_tribe_tickets_list":"[]","_tribe_ticket_has_attendee_info_fields":false,"footnotes":""},"class_list":["post-47","page","type-page","status-publish","hentry"],"translation":{"provider":"WPGlobus","version":"3.0.2","language":"en","enabled_languages":["de","en"],"languages":{"de":{"title":true,"content":true,"excerpt":false},"en":{"title":false,"content":false,"excerpt":false}}},"_links":{"self":[{"href":"https:\/\/www.rugby-unterfoehring.de\/en\/wp-json\/wp\/v2\/pages\/47","targetHints":{"allow":["GET"]}}],"collection":[{"href":"https:\/\/www.rugby-unterfoehring.de\/en\/wp-json\/wp\/v2\/pages"}],"about":[{"href":"https:\/\/www.rugby-unterfoehring.de\/en\/wp-json\/wp\/v2\/types\/page"}],"author":[{"embeddable":true,"href":"https:\/\/www.rugby-unterfoehring.de\/en\/wp-json\/wp\/v2\/users\/1"}],"replies":[{"embeddable":true,"href":"https:\/\/www.rugby-unterfoehring.de\/en\/wp-json\/wp\/v2\/comments?post=47"}],"version-history":[{"count":3,"href":"https:\/\/www.rugby-unterfoehring.de\/en\/wp-json\/wp\/v2\/pages\/47\/revisions"}],"predecessor-version":[{"id":542,"href":"https:\/\/www.rugby-unterfoehring.de\/en\/wp-json\/wp\/v2\/pages\/47\/revisions\/542"}],"wp:attachment":[{"href":"https:\/\/www.rugby-unterfoehring.de\/en\/wp-json\/wp\/v2\/media?parent=47"}],"curies":[{"name":"wp","href":"https:\/\/api.w.org\/{rel}","templated":true}]}}