{"id":1830,"date":"2025-07-14T10:55:39","date_gmt":"2025-07-14T08:55:39","guid":{"rendered":"https:\/\/www.rugby-unterfoehring.de\/?page_id=1830"},"modified":"2025-07-14T18:49:07","modified_gmt":"2025-07-14T16:49:07","slug":"funktionaere","status":"publish","type":"page","link":"https:\/\/www.rugby-unterfoehring.de\/en\/funktionaere\/","title":{"rendered":"Funktion\u00e4re gesucht"},"content":{"rendered":"\n<p>Dein Engagement z\u00e4hlt \u2013 werde Teil der RC Unterf\u00f6hring Familie!<\/p>\n\n\n\n<p>Unser Verein lebt von Teamgeist \u2013 nicht nur auf dem Platz, sondern auch hinter den Kulissen. Ob beim Grillen am Spielfeldrand, in der Organisation unserer Events oder als Stimme in der Rugbypolitik: Bei uns gibt es viele M\u00f6glichkeiten, den RC Unterf\u00f6hring aktiv mitzugestalten.<\/p>\n\n\n\n<p>Hier findest du ehrenamtliche Rollen f\u00fcr alle Interessen und Talente:<\/p>\n\n\n\n<ul class=\"wp-block-list\">\n<li>&#x1f4e6; Merchandise, Events &amp; Vereinsleben organisieren<\/li>\n\n\n\n<li>&#x1f5e3;&#xfe0f; Den Verein bei Verb\u00e4nden oder in der Politik vertreten<\/li>\n\n\n\n<li>&#x1f9d2; Kinder f\u00fcr Bewegung und Rugby begeistern<\/li>\n\n\n\n<li>&#x1f3c9; Trainer:in oder Schiedsrichter:in werden \u2013 mit oder ohne Erfahrung<\/li>\n\n\n\n<li>&#x1f4bc; Mit Expertise als Steuerberater:in oder Physiotherapeut:in unterst\u00fctzen<\/li>\n<\/ul>\n\n\n\n<p>Du willst mitmachen, wei\u00dft aber noch nicht wo? Kein Problem! Melde dich einfach bei uns \u2013 gemeinsam finden wir die passende Aufgabe f\u00fcr dich.<\/p>\n\n\n\n<p>&#x1f449; Diese Seite wird regelm\u00e4\u00dfig aktualisiert \u2013 schau gerne \u00f6fter vorbei!<\/p>\n\n\n\n<p><\/p>\n\n\n\n<div id=\"ez-toc-container\" class=\"ez-toc-v2_0_82_2 counter-hierarchy ez-toc-counter ez-toc-grey ez-toc-container-direction\">\n<div class=\"ez-toc-title-container\">\n<p class=\"ez-toc-title\" style=\"cursor:inherit\">Seiteninhalt<\/p>\n<span class=\"ez-toc-title-toggle\"><a href=\"#\" class=\"ez-toc-pull-right ez-toc-btn ez-toc-btn-xs ez-toc-btn-default ez-toc-toggle\" aria-label=\"Toggle Table of Content\"><span class=\"ez-toc-js-icon-con\"><span class=\"\"><span class=\"eztoc-hide\" style=\"display:none;\">Toggle<\/span><span class=\"ez-toc-icon-toggle-span\"><svg style=\"fill: #999;color:#999\" xmlns=\"http:\/\/www.w3.org\/2000\/svg\" class=\"list-377408\" width=\"20px\" height=\"20px\" viewBox=\"0 0 24 24\" fill=\"none\"><path d=\"M6 6H4v2h2V6zm14 0H8v2h12V6zM4 11h2v2H4v-2zm16 0H8v2h12v-2zM4 16h2v2H4v-2zm16 0H8v2h12v-2z\" fill=\"currentColor\"><\/path><\/svg><svg style=\"fill: #999;color:#999\" class=\"arrow-unsorted-368013\" xmlns=\"http:\/\/www.w3.org\/2000\/svg\" width=\"10px\" height=\"10px\" viewBox=\"0 0 24 24\" version=\"1.2\" baseProfile=\"tiny\"><path d=\"M18.2 9.3l-6.2-6.3-6.2 6.3c-.2.2-.3.4-.3.7s.1.5.3.7c.2.2.4.3.7.3h11c.3 0 .5-.1.7-.3.2-.2.3-.5.3-.7s-.1-.5-.3-.7zM5.8 14.7l6.2 6.3 6.2-6.3c.2-.2.3-.5.3-.7s-.1-.5-.3-.7c-.2-.2-.4-.3-.7-.3h-11c-.3 0-.5.1-.7.3-.2.2-.3.5-.3.7s.1.5.3.7z\"\/><\/svg><\/span><\/span><\/span><\/a><\/span><\/div>\n<nav><ul class='ez-toc-list ez-toc-list-level-1 ' ><li class='ez-toc-page-1 ez-toc-heading-level-2'><a class=\"ez-toc-link ez-toc-heading-1\" href=\"https:\/\/www.rugby-unterfoehring.de\/en\/funktionaere\/#%F0%9F%8F%89_Shop-Manager_ehrenamtlich\" >&#x1f3c9;&nbsp;Shop-Manager (ehrenamtlich)<\/a><\/li><li class='ez-toc-page-1 ez-toc-heading-level-2'><a class=\"ez-toc-link ez-toc-heading-2\" href=\"https:\/\/www.rugby-unterfoehring.de\/en\/funktionaere\/#%F0%9F%8F%89_Vertreter_in_fur_Verbande_und_Gremien_ehrenamtlich\" >&#x1f3c9;&nbsp;&nbsp;Vertreter:in f\u00fcr Verb\u00e4nde und Gremien (ehrenamtlich)<\/a><\/li><li class='ez-toc-page-1 ez-toc-heading-level-2'><a class=\"ez-toc-link ez-toc-heading-3\" href=\"https:\/\/www.rugby-unterfoehring.de\/en\/funktionaere\/#%F0%9F%8F%89_Kleinkinder-Trainer_in_ehrenamtlich\" >&#x1f3c9;&nbsp;Kleinkinder-Trainer:in (ehrenamtlich)<\/a><\/li><li class='ez-toc-page-1 ez-toc-heading-level-2'><a class=\"ez-toc-link ez-toc-heading-4\" href=\"https:\/\/www.rugby-unterfoehring.de\/en\/funktionaere\/#%F0%9F%8F%89_Trainer_in_Schiedsrichter_in_ehrenamtlich\" >&#x1f3c9;&nbsp;Trainer:in \/ Schiedsrichter:in (ehrenamtlich)<\/a><\/li><li class='ez-toc-page-1 ez-toc-heading-level-2'><a class=\"ez-toc-link ez-toc-heading-5\" href=\"https:\/\/www.rugby-unterfoehring.de\/en\/funktionaere\/#%F0%9F%8F%89_Manager_in_Veranstaltungen_ehrenamtlich\" >&#x1f3c9;&nbsp;Manager:in Veranstaltungen (ehrenamtlich)<\/a><\/li><li class='ez-toc-page-1 ez-toc-heading-level-2'><a class=\"ez-toc-link ez-toc-heading-6\" href=\"https:\/\/www.rugby-unterfoehring.de\/en\/funktionaere\/#%F0%9F%8F%89_Vertreter_in_Politik_Gemeinde_ehrenamtlich\" >&#x1f3c9;&nbsp;Vertreter:in Politik &amp; Gemeinde (ehrenamtlich)<\/a><\/li><li class='ez-toc-page-1 ez-toc-heading-level-2'><a class=\"ez-toc-link ez-toc-heading-7\" href=\"https:\/\/www.rugby-unterfoehring.de\/en\/funktionaere\/#%F0%9F%8F%89_Steuerberater_in_ehrenamtlich\" >&#x1f3c9;&nbsp;Steuerberater:in (ehrenamtlich)<\/a><\/li><li class='ez-toc-page-1 ez-toc-heading-level-2'><a class=\"ez-toc-link ez-toc-heading-8\" href=\"https:\/\/www.rugby-unterfoehring.de\/en\/funktionaere\/#%F0%9F%8F%89_Physiotherapeut_in_ehrenamtlich_oder_als_Partnerpraxis\" >&#x1f3c9;&nbsp;Physiotherapeut:in (ehrenamtlich oder als Partnerpraxis)<\/a><\/li><li class='ez-toc-page-1 ez-toc-heading-level-2'><a class=\"ez-toc-link ez-toc-heading-9\" href=\"https:\/\/www.rugby-unterfoehring.de\/en\/funktionaere\/#%F0%9F%8F%89_Grillmeister_in_gesucht_fur_Rugby-Heimspiele\" >&#x1f3c9;\u00a0Grillmeister:in gesucht f\u00fcr Rugby-Heimspiele!<\/a><\/li><\/ul><\/nav><\/div>\n<h2 class=\"wp-block-heading\"><span class=\"ez-toc-section\" id=\"%F0%9F%8F%89_Shop-Manager_ehrenamtlich\"><\/span><strong>&#x1f3c9;<\/strong><strong>&nbsp;Shop-Manager (ehrenamtlich)<\/strong><span class=\"ez-toc-section-end\"><\/span><\/h2>\n\n\n\n<p>Du m\u00f6chtest dazu beitragen, dass unser Verein nach au\u00dfen ein starkes, professionelles Bild abgibt? Dann werde Shop-Manager beim RC Unterf\u00f6hring!<\/p>\n\n\n\n<p>Als Shop-Manager bist du verantwortlich f\u00fcr unseren Vereins-Merchandise. Du organisierst den Verkauf und die Bestandsaufnahme unserer Fanartikel bei Heimspielen oder Trainingstagen. Du f\u00fchrst die Kasse, z\u00e4hlst den Bestand und sorgst f\u00fcr einen reibungslosen Ablauf beim Verkauf.<\/p>\n\n\n\n<p>Zus\u00e4tzlich k\u00fcmmerst du dich einmal pro Woche im Homeoffice um die Weiterentwicklung unseres Sortiments: Du hast ein festes Budget und bestellst neue Produkte (z. B. Handt\u00fccher im Sommer, Caps oder Tassen), die zu unserem Verein passen und gut bei Mitgliedern und Fans ankommen. Dein Ziel: den RC Unterf\u00f6hring als Marke st\u00e4rken und unseren Auftritt noch professioneller gestalten.<\/p>\n\n\n\n<p>Zeitaufwand: ca. 2\u20133 Stunden pro Woche (1x pro Woche am Platz + ca. 1 Stunde Homeoffice)<\/p>\n\n\n\n<p>Das solltest du mitbringen: Organisationstalent, ein Gesp\u00fcr f\u00fcr Produkte und Vereinsmarken, Eigeninitiative<\/p>\n\n\n\n<p><\/p>\n\n\n\n<h2 class=\"wp-block-heading\"><span class=\"ez-toc-section\" id=\"%F0%9F%8F%89_Vertreter_in_fur_Verbande_und_Gremien_ehrenamtlich\"><\/span><strong>&#x1f3c9;<\/strong><strong>&nbsp;&nbsp;Vertreter:in f\u00fcr Verb\u00e4nde und Gremien (ehrenamtlich)<\/strong><span class=\"ez-toc-section-end\"><\/span><\/h2>\n\n\n\n<p>Du willst den RC Unterf\u00f6hring auf nationaler Ebene repr\u00e4sentieren und die Zukunft des deutschen Rugbysports mitgestalten? Dann werde unsere Stimme bei den Verb\u00e4nden!<\/p>\n\n\n\n<p>Als Vertreter:in des RC Unterf\u00f6hring nimmst du an den j\u00e4hrlichen Treffen von Gremien teil, die f\u00fcr unseren Verein wichtig sind, z. B.:<\/p>\n\n\n\n<p>\u2013 Rugby Bundesliga Ausschuss (2x pro Jahr)<\/p>\n\n\n\n<p>\u2013 Deutscher Rugby Verband (DRV) (1x pro Jahr)<\/p>\n\n\n\n<p>\u2013 Deutsche Rugby Jugend (DRJ) (1x pro Jahr)<\/p>\n\n\n\n<p>\u2013 Deutsche Rugby Frauen (1x pro Jahr)<\/p>\n\n\n\n<p>Du kannst eine oder mehrere dieser Aufgaben \u00fcbernehmen. Deine Aufgabe: den Verein bei diesen Treffen vertreten, aktiv an Diskussionen teilnehmen und wichtige Infos in den Verein tragen.<\/p>\n\n\n\n<p>Zeitaufwand: 1\u20135 Termine pro Jahr + kurze Vor- und Nachbereitung<\/p>\n\n\n\n<p>Das solltest du mitbringen: Interesse an Vereins- und Verbandsarbeit, Kommunikationsst\u00e4rke<\/p>\n\n\n\n<p><\/p>\n\n\n\n<h2 class=\"wp-block-heading\"><span class=\"ez-toc-section\" id=\"%F0%9F%8F%89_Kleinkinder-Trainer_in_ehrenamtlich\"><\/span><strong>&#x1f3c9;<\/strong><strong>&nbsp;Kleinkinder-Trainer:in (ehrenamtlich)<\/strong><span class=\"ez-toc-section-end\"><\/span><\/h2>\n\n\n\n<p>Du hast Freude daran, Kindern Bewegung und Teamgeist n\u00e4herzubringen? Dann werde Kleinkinder-Trainer:in!<\/p>\n\n\n\n<p>Du trainierst einmal pro Woche Kinder im Kindergartenalter (ca. 2 Stunden) und f\u00fchrst sie spielerisch an Sport heran. Ziel ist es, den Kindern Freude an Bewegung zu vermitteln und sie f\u00fcr den Einstieg in den Rugby Club Unterf\u00f6hring zu begeistern.<\/p>\n\n\n\n<p>Zeitaufwand: 1x pro Woche ca. 2 Stunden<\/p>\n\n\n\n<p>Das solltest du mitbringen: Spa\u00df an der Arbeit mit Kindern, Geduld, Begeisterung f\u00fcr Sport<\/p>\n\n\n\n<p><\/p>\n\n\n\n<h2 class=\"wp-block-heading\"><span class=\"ez-toc-section\" id=\"%F0%9F%8F%89_Trainer_in_Schiedsrichter_in_ehrenamtlich\"><\/span><strong>&#x1f3c9;<\/strong><strong>&nbsp;Trainer:in \/ Schiedsrichter:in (ehrenamtlich)<\/strong><span class=\"ez-toc-section-end\"><\/span><\/h2>\n\n\n\n<p>Du willst den Rugby Club auf dem Platz unterst\u00fctzen? Egal ob mit oder ohne Erfahrung \u2013 wir bilden dich aus!<\/p>\n\n\n\n<p>Als Trainer:in oder Schiedsrichter:in kannst du Teil unseres sportlichen Teams werden. Auch ohne Lizenz kannst du bei uns starten \u2013 der Verein \u00fcbernimmt die Ausbildungskosten. Als Schiedsrichter:in solltest du mindestens drei Wochenenden pro Jahr f\u00fcr Turniere und Spiele einplanen. Als Trainer:in engagierst du dich regelm\u00e4\u00dfig bei unseren Mannschaften \u2013 von der Jugend bis zu den Erwachsenen.<\/p>\n\n\n\n<p>Zeitaufwand:<\/p>\n\n\n\n<p>\u2013 Schiedsrichter: mind. 3 Wochenenden pro Jahr<\/p>\n\n\n\n<p>\u2013 Trainer: regelm\u00e4\u00dfig, abh\u00e4ngig vom Team (nach Absprache)<\/p>\n\n\n\n<p>Das solltest du mitbringen: Interesse am Rugby, Zuverl\u00e4ssigkeit, Bereitschaft zur Aus- oder Weiterbildung<\/p>\n\n\n\n<p><\/p>\n\n\n\n<h2 class=\"wp-block-heading\"><span class=\"ez-toc-section\" id=\"%F0%9F%8F%89_Manager_in_Veranstaltungen_ehrenamtlich\"><\/span><strong>&#x1f3c9;<\/strong><strong>&nbsp;Manager:in Veranstaltungen (ehrenamtlich)<\/strong><span class=\"ez-toc-section-end\"><\/span><\/h2>\n\n\n\n<p>Du bist ein Organisationstalent? Dann koordiniere unsere Heimspiele und Vereinsfeste!<\/p>\n\n\n\n<p>Als Manager:in unseres Veranstaltungskalenders k\u00fcmmerst du dich um die Organisation von Auf- und Abbau sowie die Helferplanung bei ca. 11 Heimspielen im Jahr. Wenn du magst, kannst du zus\u00e4tzlich unser Sommerfest und unsere Weihnachtsfeier organisatorisch begleiten. Um das Catering musst du dich nicht k\u00fcmmern \u2013 dein Fokus liegt auf dem Ablauf, dem Aufbau und dem \u00dcberblick.<\/p>\n\n\n\n<p>Zeitaufwand: ca. 11 Termine pro Jahr + optionale Feste<\/p>\n\n\n\n<p>Das solltest du mitbringen: Organisationstalent, Teamf\u00e4higkeit<\/p>\n\n\n\n<p><\/p>\n\n\n\n<h2 class=\"wp-block-heading\"><span class=\"ez-toc-section\" id=\"%F0%9F%8F%89_Vertreter_in_Politik_Gemeinde_ehrenamtlich\"><\/span><strong>&#x1f3c9;<\/strong><strong>&nbsp;Vertreter:in Politik &amp; Gemeinde (ehrenamtlich)<\/strong><span class=\"ez-toc-section-end\"><\/span><\/h2>\n\n\n\n<p>Du m\u00f6chtest den RC Unterf\u00f6hring in der Politik sichtbar machen? Dann \u00fcbernimm diese wichtige Rolle!<\/p>\n\n\n\n<p>Du vertrittst den Verein bei Veranstaltungen von Parteien und der Gemeinde (z. B. Empf\u00e4nge, Sitzungen, Events). Optimalerweise arbeitest du bereits in der Gemeinde oder hast ein gutes Netzwerk vor Ort. Ziel ist es, den RC Unterf\u00f6hring in der Kommunalpolitik sichtbar zu machen und Kontakte zu pflegen.<\/p>\n\n\n\n<p>Zeitaufwand: ca. 6 Termine pro Jahr<\/p>\n\n\n\n<p>Das solltest du mitbringen: Interesse an kommunalen Themen, sicheres Auftreten<\/p>\n\n\n\n<p><\/p>\n\n\n\n<h2 class=\"wp-block-heading\"><span class=\"ez-toc-section\" id=\"%F0%9F%8F%89_Steuerberater_in_ehrenamtlich\"><\/span><strong>&#x1f3c9;<\/strong><strong>&nbsp;Steuerberater:in (ehrenamtlich)<\/strong><span class=\"ez-toc-section-end\"><\/span><\/h2>\n\n\n\n<p>Du kennst dich mit Vereinsbuchhaltung und Steuern aus? Dann hilf uns, den \u00dcberblick zu behalten!<\/p>\n\n\n\n<p>Du unterst\u00fctzt den Vorstand und unsere Kassenwarte bei steuerlichen Fragen und sorgst daf\u00fcr, dass unsere Buchhaltung korrekt und transparent ist. Der Zeitaufwand ist \u00fcberschaubar, aber deine Expertise ist Gold wert.<\/p>\n\n\n\n<p>Zeitaufwand: punktuell nach Absprache<\/p>\n\n\n\n<p>Das solltest du mitbringen: Erfahrung im Steuerrecht, idealerweise im Vereinswesen<\/p>\n\n\n\n<p><\/p>\n\n\n\n<h2 class=\"wp-block-heading\"><span class=\"ez-toc-section\" id=\"%F0%9F%8F%89_Physiotherapeut_in_ehrenamtlich_oder_als_Partnerpraxis\"><\/span><strong>&#x1f3c9;<\/strong><strong>&nbsp;Physiotherapeut:in (ehrenamtlich oder als Partnerpraxis)<\/strong><span class=\"ez-toc-section-end\"><\/span><\/h2>\n\n\n\n<p>Du willst unsere Spieler:innen gesund und fit halten? Dann werde Teil des RC Unterf\u00f6hring!<\/p>\n\n\n\n<p>Als Physio bist du bei Heimspielen vor Ort und unterst\u00fctzt unsere Teams bei kleineren Verletzungen oder der Pr\u00e4vention. Wenn du magst, kannst du auch bei Ausw\u00e4rtsspielen mitfahren. Au\u00dferdem arbeiten wir gerne eng mit deiner Praxis zusammen und schicken unsere Spieler:innen f\u00fcr Behandlungen.<\/p>\n\n\n\n<p>Zeitaufwand: Heimspieltage + optional Ausw\u00e4rtsfahrten<\/p>\n\n\n\n<p>Das solltest du mitbringen: Ausbildung als Physiotherapeut:in, Begeisterung f\u00fcr Teamsport<\/p>\n\n\n\n<p><\/p>\n\n\n\n<h2 class=\"wp-block-heading\"><span class=\"ez-toc-section\" id=\"%F0%9F%8F%89_Grillmeister_in_gesucht_fur_Rugby-Heimspiele\"><\/span><strong>&#x1f3c9;<\/strong><strong>\u00a0Grillmeister:in gesucht f\u00fcr Rugby-Heimspiele!<\/strong><span class=\"ez-toc-section-end\"><\/span><\/h2>\n\n\n\n<p>Du liebst den Geruch von frisch Gegrilltem genauso wie die Stimmung am Rugbyfeld?<\/p>\n\n\n\n<p>Dann bist du bei uns genau richtig!<\/p>\n\n\n\n<p>F\u00fcr unsere Rugby-Heimspiele am Etzweg suchen wir ehrenamtliche Grillhilfe, die Lust hat, an Spieltagen W\u00fcrstchen, Steaks &amp; Veggie auf den Rost zu legen. Du musst kein Profi sein \u2013 Hauptsache, du hast Spa\u00df am Grillen und daran, Teil der Rugby-Community zu sein.<\/p>\n\n\n\n<p>Zeitaufwand: Du bist an ein paar Heimspieltagen zur Verf\u00fcgung<\/p>\n\n\n\n<p>Das solltest du mitbringen: Freude am Grillen, lockerer Umgang mit Menschen<\/p>\n","protected":false},"excerpt":{"rendered":"<p>Dein Engagement z\u00e4hlt \u2013 werde Teil der RC Unterf\u00f6hring Familie! Unser Verein lebt von Teamgeist \u2013 nicht nur auf dem Platz, sondern auch hinter den Kulissen. Ob beim Grillen am [&hellip;]<\/p>\n","protected":false},"author":2,"featured_media":0,"parent":0,"menu_order":0,"comment_status":"closed","ping_status":"closed","template":"","meta":{"_price":"","_stock":"","_tribe_ticket_header":"","_tribe_default_ticket_provider":"","_tribe_ticket_capacity":"0","_ticket_start_date":"","_ticket_end_date":"","_tribe_ticket_show_description":"","_tribe_ticket_show_not_going":false,"_tribe_ticket_use_global_stock":"","_tribe_ticket_global_stock_level":"","_global_stock_mode":"","_global_stock_cap":"","_tribe_rsvp_for_event":"","_tribe_ticket_going_count":"","_tribe_ticket_not_going_count":"","_tribe_tickets_list":"[]","_tribe_ticket_has_attendee_info_fields":false,"footnotes":""},"class_list":["post-1830","page","type-page","status-publish","hentry"],"translation":{"provider":"WPGlobus","version":"3.0.2","language":"en","enabled_languages":["de","en"],"languages":{"de":{"title":true,"content":true,"excerpt":false},"en":{"title":false,"content":false,"excerpt":false}}},"_links":{"self":[{"href":"https:\/\/www.rugby-unterfoehring.de\/en\/wp-json\/wp\/v2\/pages\/1830","targetHints":{"allow":["GET"]}}],"collection":[{"href":"https:\/\/www.rugby-unterfoehring.de\/en\/wp-json\/wp\/v2\/pages"}],"about":[{"href":"https:\/\/www.rugby-unterfoehring.de\/en\/wp-json\/wp\/v2\/types\/page"}],"author":[{"embeddable":true,"href":"https:\/\/www.rugby-unterfoehring.de\/en\/wp-json\/wp\/v2\/users\/2"}],"replies":[{"embeddable":true,"href":"https:\/\/www.rugby-unterfoehring.de\/en\/wp-json\/wp\/v2\/comments?post=1830"}],"version-history":[{"count":3,"href":"https:\/\/www.rugby-unterfoehring.de\/en\/wp-json\/wp\/v2\/pages\/1830\/revisions"}],"predecessor-version":[{"id":1835,"href":"https:\/\/www.rugby-unterfoehring.de\/en\/wp-json\/wp\/v2\/pages\/1830\/revisions\/1835"}],"wp:attachment":[{"href":"https:\/\/www.rugby-unterfoehring.de\/en\/wp-json\/wp\/v2\/media?parent=1830"}],"curies":[{"name":"wp","href":"https:\/\/api.w.org\/{rel}","templated":true}]}}