{"id":179,"date":"2019-10-10T06:07:29","date_gmt":"2019-10-10T06:07:29","guid":{"rendered":"http:\/\/www.rugby-unterfoehring.de\/?page_id=179"},"modified":"2023-08-30T10:26:31","modified_gmt":"2023-08-30T08:26:31","slug":"trainersuche","status":"publish","type":"page","link":"https:\/\/www.rugby-unterfoehring.de\/en\/trainersuche\/","title":{"rendered":"Looking for Trainers"},"content":{"rendered":"\n<p><strong>Start in Unterf\u00f6hring as a rugby youth coach<\/strong><\/p>\n\n\n\n<p><em>Unterf\u00f6hring,\nOct. 2019.<\/em> In the north of Munich, the Rugby Club Unterf\u00f6hring\n(RCU) has grown rapidly since its founding in 2012: from 13 to 234 members in\njust seven years. Today, there are about 100 children and teenagers with trainings\nup to twice a week at the rugby field at Etzweg in Unterf\u00f6hring. For them, RCU\nneeds up to four coaches, starting as soon as possible. Interested parties who\nare already infected with rugby virus (or would like to\nbe infected urgently), please contact Steve, board member of RCU at <a href=\"mailto:steve.kotza@rugby-unterfoehring.de\">steve.kotza@rugby-unterfoehring.de<\/a>, mobile: +49 (0)174-6003229.<\/p>\n\n\n\n<p><strong>Youth coaches: helping to shape tomorrow&#8217;s success\ntoday<\/strong><\/p>\n\n\n\n<p>For\ntwo trainings per week (Tuesday and Thursday, 6 pm) and some school workgroups\nin Unterf\u00f6hring, RCU trainers will receive a trainer&#8217;s allowance. For more\nintense engagement, becoming a so-called \u201cmini jobber\u201d may be an option, the\nclub is happy to discuss. The club will actively support everybody who needs to\nobtain or extend a rugby coaching license.<\/p>\n\n\n\n<p>Working\nwith the youngster is an important thing for the club as Steve points out. It guarantees\ngrowth and further success in the future: &#8220;What we recognize and nurture\nin the children and teenager teams will later help us expand our adult teams.\nBecause one thing is clear: the 2nd German league should not be the end! &#8220;<\/p>\n\n\n\n<p><strong>As a &#8220;young club&#8221; already very successful<\/strong><\/p>\n\n\n\n<p>Not\nonly the number of members, also the successful youth work and sporting\nsuccesses across all age groups are more than impressive. Especially when you\nconsider that there have been successful rugby clubs for decades in cities like\nHeidelberg, Frankfurt or Berlin!<\/p>\n\n\n\n<p>For\nthe third year in a row, RCU men&#8217;s team now plays in the 2nd German league. The\nyouth teams U8 to U14 have secured league positions regularly in Bavaria as either\nBavarian champions or runners-up for several years.<\/p>\n\n\n\n<p><strong>About the Rugby Club Unterf\u00f6hring RCU<\/strong><\/p>\n\n\n\n<p>Founded\nin 2012 with 3 children and 13 men, today 165 active athletes between the ages\nof 5 and 49 belong to the club. In keeping with the tradition of international\ntop-level rugby, everyone at RCU contributes to the values of fair play,\nrespect, team spirit, discipline and fun in the game.<\/p>\n\n\n\n<p>Players\nand their families from four continents &#8211; from all over Europe, Argentina,\nAustralia to New Zealand and South Africa &#8211; are enthusiastically and\npassionately involved in the Unterf\u00f6hring rugby community. They always give a\nwarm welcome to all &#8220;newbies&#8221;, players and coaches. No matter in which\nlanguage.<\/p>\n\n\n\n<p><strong>Contact:<\/strong><\/p>\n\n\n\n<p>Rugby Club Unterf\u00f6hring e.V. <\/p>\n\n\n\n<p>Sommerstr. 27<br>86567 Hilgertshausen<\/p>\n\n\n\n<p><a href=\"mailto:kontakt@rugby-unterfoehring.de\">kontakt@rugby-unterfoehring.de<\/a> <\/p>\n\n\n\n<p>Please contact Steve Kotza:<\/p>\n\n\n\n<p>Mobile +49 (0)174-6003229<\/p>\n","protected":false},"excerpt":{"rendered":"<p>Start in Unterf\u00f6hring as a rugby youth coach Unterf\u00f6hring, Oct. 2019. In the north of Munich, the Rugby Club Unterf\u00f6hring (RCU) has grown rapidly since its founding in 2012: from [&hellip;]<\/p>\n","protected":false},"author":2,"featured_media":0,"parent":0,"menu_order":0,"comment_status":"closed","ping_status":"closed","template":"","meta":{"_price":"","_stock":"","_tribe_ticket_header":"","_tribe_default_ticket_provider":"","_tribe_ticket_capacity":"0","_ticket_start_date":"","_ticket_end_date":"","_tribe_ticket_show_description":"","_tribe_ticket_show_not_going":false,"_tribe_ticket_use_global_stock":"","_tribe_ticket_global_stock_level":"","_global_stock_mode":"","_global_stock_cap":"","_tribe_rsvp_for_event":"","_tribe_ticket_going_count":"","_tribe_ticket_not_going_count":"","_tribe_tickets_list":"[]","_tribe_ticket_has_attendee_info_fields":false,"footnotes":""},"class_list":["post-179","page","type-page","status-publish","hentry"],"translation":{"provider":"WPGlobus","version":"3.0.2","language":"en","enabled_languages":["de","en"],"languages":{"de":{"title":true,"content":true,"excerpt":false},"en":{"title":true,"content":true,"excerpt":false}}},"_links":{"self":[{"href":"https:\/\/www.rugby-unterfoehring.de\/en\/wp-json\/wp\/v2\/pages\/179","targetHints":{"allow":["GET"]}}],"collection":[{"href":"https:\/\/www.rugby-unterfoehring.de\/en\/wp-json\/wp\/v2\/pages"}],"about":[{"href":"https:\/\/www.rugby-unterfoehring.de\/en\/wp-json\/wp\/v2\/types\/page"}],"author":[{"embeddable":true,"href":"https:\/\/www.rugby-unterfoehring.de\/en\/wp-json\/wp\/v2\/users\/2"}],"replies":[{"embeddable":true,"href":"https:\/\/www.rugby-unterfoehring.de\/en\/wp-json\/wp\/v2\/comments?post=179"}],"version-history":[{"count":3,"href":"https:\/\/www.rugby-unterfoehring.de\/en\/wp-json\/wp\/v2\/pages\/179\/revisions"}],"predecessor-version":[{"id":812,"href":"https:\/\/www.rugby-unterfoehring.de\/en\/wp-json\/wp\/v2\/pages\/179\/revisions\/812"}],"wp:attachment":[{"href":"https:\/\/www.rugby-unterfoehring.de\/en\/wp-json\/wp\/v2\/media?parent=179"}],"curies":[{"name":"wp","href":"https:\/\/api.w.org\/{rel}","templated":true}]}}