{"id":1523,"date":"2024-10-04T11:55:51","date_gmt":"2024-10-04T09:55:51","guid":{"rendered":"https:\/\/www.rugby-unterfoehring.de\/?page_id=1523"},"modified":"2024-10-04T11:55:51","modified_gmt":"2024-10-04T09:55:51","slug":"rugby-in-schools","status":"publish","type":"page","link":"https:\/\/www.rugby-unterfoehring.de\/en\/rugby-in-schools\/","title":{"rendered":"RCU Rugby in Schools (RiS)"},"content":{"rendered":"<div class=\"wp-block-image is-style-default\">\n<figure class=\"aligncenter size-full is-resized\"><img loading=\"lazy\" decoding=\"async\" width=\"731\" height=\"627\" src=\"https:\/\/www.rugby-unterfoehring.de\/wp-content\/uploads\/2024\/09\/Rugby-In-Schools-Badge-Logo-wih-Values-3.jpg\" alt=\"\" class=\"wp-image-1524\" style=\"width:454px;height:auto\" srcset=\"https:\/\/www.rugby-unterfoehring.de\/wp-content\/uploads\/2024\/09\/Rugby-In-Schools-Badge-Logo-wih-Values-3.jpg 731w, https:\/\/www.rugby-unterfoehring.de\/wp-content\/uploads\/2024\/09\/Rugby-In-Schools-Badge-Logo-wih-Values-3-300x257.jpg 300w\" sizes=\"auto, (max-width: 731px) 100vw, 731px\" \/><\/figure>\n<\/div>\n\n\n<hr class=\"wp-block-separator has-alpha-channel-opacity\"\/>\n\n\n\n<p class=\"has-text-align-center\">Langweilig von Fu\u00dfball und Basketball und auf der Suche nach einem anderen Sport in deinem Unterricht?<\/p>\n\n\n<div class=\"wp-block-image\">\n<figure class=\"aligncenter is-resized\"><img loading=\"lazy\" decoding=\"async\" width=\"895\" height=\"1266\" src=\"https:\/\/www.rugby-unterfoehring.de\/wp-content\/uploads\/2024\/09\/Try-Logo-1-edited-1.png\" alt=\"\" class=\"wp-image-1534\" style=\"width:69px;height:auto\" srcset=\"https:\/\/www.rugby-unterfoehring.de\/wp-content\/uploads\/2024\/09\/Try-Logo-1-edited-1.png 895w, https:\/\/www.rugby-unterfoehring.de\/wp-content\/uploads\/2024\/09\/Try-Logo-1-edited-1-212x300.png 212w, https:\/\/www.rugby-unterfoehring.de\/wp-content\/uploads\/2024\/09\/Try-Logo-1-edited-1-724x1024.png 724w, https:\/\/www.rugby-unterfoehring.de\/wp-content\/uploads\/2024\/09\/Try-Logo-1-edited-1-768x1086.png 768w\" sizes=\"auto, (max-width: 895px) 100vw, 895px\" \/><\/figure>\n<\/div>\n\n\n<p class=\"has-text-align-center\">Liebst du die Idee von Rugby und seinen Werten und denkst, dass es deinen Sch\u00fclern im Alltag zugutekommen w\u00fcrde?<\/p>\n\n\n<div class=\"wp-block-image\">\n<figure class=\"aligncenter is-resized\"><img loading=\"lazy\" decoding=\"async\" width=\"895\" height=\"1266\" src=\"https:\/\/www.rugby-unterfoehring.de\/wp-content\/uploads\/2024\/09\/Try-Logo-1-edited-1.png\" alt=\"\" class=\"wp-image-1534\" style=\"width:69px;height:auto\" srcset=\"https:\/\/www.rugby-unterfoehring.de\/wp-content\/uploads\/2024\/09\/Try-Logo-1-edited-1.png 895w, https:\/\/www.rugby-unterfoehring.de\/wp-content\/uploads\/2024\/09\/Try-Logo-1-edited-1-212x300.png 212w, https:\/\/www.rugby-unterfoehring.de\/wp-content\/uploads\/2024\/09\/Try-Logo-1-edited-1-724x1024.png 724w, https:\/\/www.rugby-unterfoehring.de\/wp-content\/uploads\/2024\/09\/Try-Logo-1-edited-1-768x1086.png 768w\" sizes=\"auto, (max-width: 895px) 100vw, 895px\" \/><\/figure>\n<\/div>\n\n\n<p class=\"has-text-align-center\">Suchst du Ideen f\u00fcr dein Nachmittagsaktivit\u00e4tenprogramm?<\/p>\n\n\n<div class=\"wp-block-image\">\n<figure class=\"aligncenter is-resized\"><img loading=\"lazy\" decoding=\"async\" width=\"895\" height=\"1266\" src=\"https:\/\/www.rugby-unterfoehring.de\/wp-content\/uploads\/2024\/09\/Try-Logo-1-edited-1.png\" alt=\"\" class=\"wp-image-1534\" style=\"width:69px;height:auto\" srcset=\"https:\/\/www.rugby-unterfoehring.de\/wp-content\/uploads\/2024\/09\/Try-Logo-1-edited-1.png 895w, https:\/\/www.rugby-unterfoehring.de\/wp-content\/uploads\/2024\/09\/Try-Logo-1-edited-1-212x300.png 212w, https:\/\/www.rugby-unterfoehring.de\/wp-content\/uploads\/2024\/09\/Try-Logo-1-edited-1-724x1024.png 724w, https:\/\/www.rugby-unterfoehring.de\/wp-content\/uploads\/2024\/09\/Try-Logo-1-edited-1-768x1086.png 768w\" sizes=\"auto, (max-width: 895px) 100vw, 895px\" \/><\/figure>\n<\/div>\n\n\n<p class=\"has-text-align-center\">Suchst du Ideen f\u00fcr dein Nachmittagsaktivit\u00e4tenprogramm?<\/p>\n\n\n<div class=\"wp-block-image\">\n<figure class=\"aligncenter is-resized\"><img loading=\"lazy\" decoding=\"async\" width=\"895\" height=\"1266\" src=\"https:\/\/www.rugby-unterfoehring.de\/wp-content\/uploads\/2024\/09\/Try-Logo-1-edited-1.png\" alt=\"\" class=\"wp-image-1534\" style=\"width:69px;height:auto\" srcset=\"https:\/\/www.rugby-unterfoehring.de\/wp-content\/uploads\/2024\/09\/Try-Logo-1-edited-1.png 895w, https:\/\/www.rugby-unterfoehring.de\/wp-content\/uploads\/2024\/09\/Try-Logo-1-edited-1-212x300.png 212w, https:\/\/www.rugby-unterfoehring.de\/wp-content\/uploads\/2024\/09\/Try-Logo-1-edited-1-724x1024.png 724w, https:\/\/www.rugby-unterfoehring.de\/wp-content\/uploads\/2024\/09\/Try-Logo-1-edited-1-768x1086.png 768w\" sizes=\"auto, (max-width: 895px) 100vw, 895px\" \/><\/figure>\n<\/div>\n\n\n<p class=\"has-text-align-center\">Bist du daran interessiert, Rugby als regelm\u00e4\u00dfigen Teil deines Sportunterrichts einzuplanen?<\/p>\n\n\n<div class=\"wp-block-image\">\n<figure class=\"aligncenter is-resized\"><img loading=\"lazy\" decoding=\"async\" width=\"895\" height=\"1266\" src=\"https:\/\/www.rugby-unterfoehring.de\/wp-content\/uploads\/2024\/09\/Try-Logo-1-edited-1.png\" alt=\"\" class=\"wp-image-1534\" style=\"width:69px;height:auto\" srcset=\"https:\/\/www.rugby-unterfoehring.de\/wp-content\/uploads\/2024\/09\/Try-Logo-1-edited-1.png 895w, https:\/\/www.rugby-unterfoehring.de\/wp-content\/uploads\/2024\/09\/Try-Logo-1-edited-1-212x300.png 212w, https:\/\/www.rugby-unterfoehring.de\/wp-content\/uploads\/2024\/09\/Try-Logo-1-edited-1-724x1024.png 724w, https:\/\/www.rugby-unterfoehring.de\/wp-content\/uploads\/2024\/09\/Try-Logo-1-edited-1-768x1086.png 768w\" sizes=\"auto, (max-width: 895px) 100vw, 895px\" \/><\/figure>\n<\/div>\n\n\n<p class=\"has-text-align-center\">Suchst du L\u00f6sungen, wie du dein Sommerfest f\u00fcllen sollst und m\u00f6chtest, dass jemand kommt und eine Veranstaltung organisiert, die auch alle Logistik und Planung \u00fcbernimmt?<\/p>\n\n\n\n<p class=\"has-text-align-center\"><strong><mark style=\"background-color:rgba(0, 0, 0, 0)\" class=\"has-inline-color has-black-color\"><em>KONTAKTIERE UNS!<\/em><\/mark><\/strong><\/p>\n\n\n\n<p class=\"has-text-align-center\">Zuverl\u00e4ssige, professionelle, gut geplante Einheiten \u2013 gesamte Ausr\u00fcstung wird bereitgestellt!<\/p>\n\n\n<div class=\"wp-block-image\">\n<figure class=\"aligncenter is-resized\"><img loading=\"lazy\" decoding=\"async\" width=\"895\" height=\"1266\" src=\"https:\/\/www.rugby-unterfoehring.de\/wp-content\/uploads\/2024\/09\/Try-Logo-1-edited-1.png\" alt=\"\" class=\"wp-image-1534\" style=\"width:69px;height:auto\" srcset=\"https:\/\/www.rugby-unterfoehring.de\/wp-content\/uploads\/2024\/09\/Try-Logo-1-edited-1.png 895w, https:\/\/www.rugby-unterfoehring.de\/wp-content\/uploads\/2024\/09\/Try-Logo-1-edited-1-212x300.png 212w, https:\/\/www.rugby-unterfoehring.de\/wp-content\/uploads\/2024\/09\/Try-Logo-1-edited-1-724x1024.png 724w, https:\/\/www.rugby-unterfoehring.de\/wp-content\/uploads\/2024\/09\/Try-Logo-1-edited-1-768x1086.png 768w\" sizes=\"auto, (max-width: 895px) 100vw, 895px\" \/><\/figure>\n<\/div>\n\n\n<p class=\"has-text-align-center\">Rugby f\u00fcr ALLE: M\/W\/D \u2013 Individuelles Training f\u00fcr alle Altersgruppen und F\u00e4higkeiten!<\/p>\n\n\n<div class=\"wp-block-image\">\n<figure class=\"aligncenter is-resized\"><img loading=\"lazy\" decoding=\"async\" width=\"895\" height=\"1266\" src=\"https:\/\/www.rugby-unterfoehring.de\/wp-content\/uploads\/2024\/09\/Try-Logo-1-edited-1.png\" alt=\"\" class=\"wp-image-1534\" style=\"width:69px;height:auto\" srcset=\"https:\/\/www.rugby-unterfoehring.de\/wp-content\/uploads\/2024\/09\/Try-Logo-1-edited-1.png 895w, https:\/\/www.rugby-unterfoehring.de\/wp-content\/uploads\/2024\/09\/Try-Logo-1-edited-1-212x300.png 212w, https:\/\/www.rugby-unterfoehring.de\/wp-content\/uploads\/2024\/09\/Try-Logo-1-edited-1-724x1024.png 724w, https:\/\/www.rugby-unterfoehring.de\/wp-content\/uploads\/2024\/09\/Try-Logo-1-edited-1-768x1086.png 768w\" sizes=\"auto, (max-width: 895px) 100vw, 895px\" \/><\/figure>\n<\/div>\n\n\n<p class=\"has-text-align-center\">Detaillierte Trainingspl\u00e4ne, die vor jeder Einheit erstellt werden, mit eingebauter Flexibilit\u00e4t!<\/p>\n\n\n<div class=\"wp-block-image\">\n<figure class=\"aligncenter is-resized\"><img loading=\"lazy\" decoding=\"async\" width=\"895\" height=\"1266\" src=\"https:\/\/www.rugby-unterfoehring.de\/wp-content\/uploads\/2024\/09\/Try-Logo-1-edited-1.png\" alt=\"\" class=\"wp-image-1534\" style=\"width:69px;height:auto\" srcset=\"https:\/\/www.rugby-unterfoehring.de\/wp-content\/uploads\/2024\/09\/Try-Logo-1-edited-1.png 895w, https:\/\/www.rugby-unterfoehring.de\/wp-content\/uploads\/2024\/09\/Try-Logo-1-edited-1-212x300.png 212w, https:\/\/www.rugby-unterfoehring.de\/wp-content\/uploads\/2024\/09\/Try-Logo-1-edited-1-724x1024.png 724w, https:\/\/www.rugby-unterfoehring.de\/wp-content\/uploads\/2024\/09\/Try-Logo-1-edited-1-768x1086.png 768w\" sizes=\"auto, (max-width: 895px) 100vw, 895px\" \/><\/figure>\n<\/div>\n\n\n<p class=\"has-text-align-center\">Einheiten, die darauf ausgelegt sind, F\u00e4higkeiten zu vermitteln, die auf andere Sportarten \u00fcbertragen werden k\u00f6nnen!<\/p>\n\n\n<div class=\"wp-block-image\">\n<figure class=\"aligncenter is-resized\"><img loading=\"lazy\" decoding=\"async\" width=\"895\" height=\"1266\" src=\"https:\/\/www.rugby-unterfoehring.de\/wp-content\/uploads\/2024\/09\/Try-Logo-1-edited-1.png\" alt=\"\" class=\"wp-image-1534\" style=\"width:69px;height:auto\" srcset=\"https:\/\/www.rugby-unterfoehring.de\/wp-content\/uploads\/2024\/09\/Try-Logo-1-edited-1.png 895w, https:\/\/www.rugby-unterfoehring.de\/wp-content\/uploads\/2024\/09\/Try-Logo-1-edited-1-212x300.png 212w, https:\/\/www.rugby-unterfoehring.de\/wp-content\/uploads\/2024\/09\/Try-Logo-1-edited-1-724x1024.png 724w, https:\/\/www.rugby-unterfoehring.de\/wp-content\/uploads\/2024\/09\/Try-Logo-1-edited-1-768x1086.png 768w\" sizes=\"auto, (max-width: 895px) 100vw, 895px\" \/><\/figure>\n<\/div>\n\n\n<p class=\"has-text-align-center\">Kontakt\u00fcbungen werden nur gemacht, wenn die IRB-Kontaktbereitbewertung erf\u00fcllt ist!<\/p>\n\n\n<div class=\"wp-block-image\">\n<figure class=\"aligncenter is-resized\"><img loading=\"lazy\" decoding=\"async\" width=\"895\" height=\"1266\" src=\"https:\/\/www.rugby-unterfoehring.de\/wp-content\/uploads\/2024\/09\/Try-Logo-1-edited-1.png\" alt=\"\" class=\"wp-image-1534\" style=\"width:69px;height:auto\" srcset=\"https:\/\/www.rugby-unterfoehring.de\/wp-content\/uploads\/2024\/09\/Try-Logo-1-edited-1.png 895w, https:\/\/www.rugby-unterfoehring.de\/wp-content\/uploads\/2024\/09\/Try-Logo-1-edited-1-212x300.png 212w, https:\/\/www.rugby-unterfoehring.de\/wp-content\/uploads\/2024\/09\/Try-Logo-1-edited-1-724x1024.png 724w, https:\/\/www.rugby-unterfoehring.de\/wp-content\/uploads\/2024\/09\/Try-Logo-1-edited-1-768x1086.png 768w\" sizes=\"auto, (max-width: 895px) 100vw, 895px\" \/><\/figure>\n<\/div>\n\n\n<p class=\"has-text-align-center\">Training ist sowohl drinnen als auch drau\u00dfen m\u00f6glich!<\/p>\n\n\n<div class=\"wp-block-image\">\n<figure class=\"aligncenter is-resized\"><img loading=\"lazy\" decoding=\"async\" width=\"895\" height=\"1266\" src=\"https:\/\/www.rugby-unterfoehring.de\/wp-content\/uploads\/2024\/09\/Try-Logo-1-edited-1.png\" alt=\"\" class=\"wp-image-1534\" style=\"width:69px;height:auto\" srcset=\"https:\/\/www.rugby-unterfoehring.de\/wp-content\/uploads\/2024\/09\/Try-Logo-1-edited-1.png 895w, https:\/\/www.rugby-unterfoehring.de\/wp-content\/uploads\/2024\/09\/Try-Logo-1-edited-1-212x300.png 212w, https:\/\/www.rugby-unterfoehring.de\/wp-content\/uploads\/2024\/09\/Try-Logo-1-edited-1-724x1024.png 724w, https:\/\/www.rugby-unterfoehring.de\/wp-content\/uploads\/2024\/09\/Try-Logo-1-edited-1-768x1086.png 768w\" sizes=\"auto, (max-width: 895px) 100vw, 895px\" \/><\/figure>\n<\/div>\n\n\n<p class=\"has-text-align-center\">Einheiten werden in englischer und deutscher Sprache angeboten!<\/p>\n\n\n\n<hr class=\"wp-block-separator has-alpha-channel-opacity\"\/>\n\n\n\n<p class=\"has-text-align-center\"><strong><em>RUGBY VEREINE:<\/em><\/strong><\/p>\n\n\n\n<p class=\"has-text-align-center\">Hast du Schulen, die an Rugby interessiert sind?<\/p>\n\n\n<div class=\"wp-block-image\">\n<figure class=\"aligncenter is-resized\"><img loading=\"lazy\" decoding=\"async\" width=\"895\" height=\"1266\" src=\"https:\/\/www.rugby-unterfoehring.de\/wp-content\/uploads\/2024\/09\/Try-Logo-1-edited-1.png\" alt=\"\" class=\"wp-image-1534\" style=\"width:69px;height:auto\" srcset=\"https:\/\/www.rugby-unterfoehring.de\/wp-content\/uploads\/2024\/09\/Try-Logo-1-edited-1.png 895w, https:\/\/www.rugby-unterfoehring.de\/wp-content\/uploads\/2024\/09\/Try-Logo-1-edited-1-212x300.png 212w, https:\/\/www.rugby-unterfoehring.de\/wp-content\/uploads\/2024\/09\/Try-Logo-1-edited-1-724x1024.png 724w, https:\/\/www.rugby-unterfoehring.de\/wp-content\/uploads\/2024\/09\/Try-Logo-1-edited-1-768x1086.png 768w\" sizes=\"auto, (max-width: 895px) 100vw, 895px\" \/><\/figure>\n<\/div>\n\n\n<p class=\"has-text-align-center\">Niemand verf\u00fcgbar, um das Training zu \u00fcbernehmen?<\/p>\n\n\n<div class=\"wp-block-image\">\n<figure class=\"aligncenter is-resized\"><img loading=\"lazy\" decoding=\"async\" width=\"895\" height=\"1266\" src=\"https:\/\/www.rugby-unterfoehring.de\/wp-content\/uploads\/2024\/09\/Try-Logo-1-edited-1.png\" alt=\"\" class=\"wp-image-1534\" style=\"width:69px;height:auto\" srcset=\"https:\/\/www.rugby-unterfoehring.de\/wp-content\/uploads\/2024\/09\/Try-Logo-1-edited-1.png 895w, https:\/\/www.rugby-unterfoehring.de\/wp-content\/uploads\/2024\/09\/Try-Logo-1-edited-1-212x300.png 212w, https:\/\/www.rugby-unterfoehring.de\/wp-content\/uploads\/2024\/09\/Try-Logo-1-edited-1-724x1024.png 724w, https:\/\/www.rugby-unterfoehring.de\/wp-content\/uploads\/2024\/09\/Try-Logo-1-edited-1-768x1086.png 768w\" sizes=\"auto, (max-width: 895px) 100vw, 895px\" \/><\/figure>\n<\/div>\n\n\n<p class=\"has-text-align-center\">Wir bieten einen Subcontract-Service an, der deinen Club repr\u00e4sentiert und f\u00f6rdert \u2013 auch als vollst\u00e4ndiges Serviceprogramm verf\u00fcgbar.<\/p>\n\n\n\n<hr class=\"wp-block-separator has-alpha-channel-opacity\"\/>\n\n\n\n<figure class=\"wp-block-image size-large\"><img loading=\"lazy\" decoding=\"async\" width=\"1024\" height=\"457\" src=\"https:\/\/www.rugby-unterfoehring.de\/wp-content\/uploads\/2024\/09\/image-5-1024x457.png\" alt=\"\" class=\"wp-image-1530\" srcset=\"https:\/\/www.rugby-unterfoehring.de\/wp-content\/uploads\/2024\/09\/image-5-1024x457.png 1024w, https:\/\/www.rugby-unterfoehring.de\/wp-content\/uploads\/2024\/09\/image-5-300x134.png 300w, https:\/\/www.rugby-unterfoehring.de\/wp-content\/uploads\/2024\/09\/image-5-768x343.png 768w, https:\/\/www.rugby-unterfoehring.de\/wp-content\/uploads\/2024\/09\/image-5-1536x685.png 1536w, https:\/\/www.rugby-unterfoehring.de\/wp-content\/uploads\/2024\/09\/image-5-1320x589.png 1320w, https:\/\/www.rugby-unterfoehring.de\/wp-content\/uploads\/2024\/09\/image-5.png 1733w\" sizes=\"auto, (max-width: 1024px) 100vw, 1024px\" \/><\/figure>\n\n\n\n<hr class=\"wp-block-separator has-alpha-channel-opacity\"\/>\n","protected":false},"excerpt":{"rendered":"<p>Langweilig von Fu\u00dfball und Basketball und auf der Suche nach einem anderen Sport in deinem Unterricht? Liebst du die Idee von Rugby und seinen Werten und denkst, dass es deinen [&hellip;]<\/p>\n","protected":false},"author":8,"featured_media":0,"parent":0,"menu_order":0,"comment_status":"closed","ping_status":"closed","template":"","meta":{"_price":"","_stock":"","_tribe_ticket_header":"","_tribe_default_ticket_provider":"","_tribe_ticket_capacity":"0","_ticket_start_date":"","_ticket_end_date":"","_tribe_ticket_show_description":"","_tribe_ticket_show_not_going":false,"_tribe_ticket_use_global_stock":"","_tribe_ticket_global_stock_level":"","_global_stock_mode":"","_global_stock_cap":"","_tribe_rsvp_for_event":"","_tribe_ticket_going_count":"","_tribe_ticket_not_going_count":"","_tribe_tickets_list":"[]","_tribe_ticket_has_attendee_info_fields":false,"footnotes":""},"class_list":["post-1523","page","type-page","status-publish","hentry"],"translation":{"provider":"WPGlobus","version":"3.0.2","language":"en","enabled_languages":["de","en"],"languages":{"de":{"title":true,"content":true,"excerpt":false},"en":{"title":false,"content":false,"excerpt":false}}},"_links":{"self":[{"href":"https:\/\/www.rugby-unterfoehring.de\/en\/wp-json\/wp\/v2\/pages\/1523","targetHints":{"allow":["GET"]}}],"collection":[{"href":"https:\/\/www.rugby-unterfoehring.de\/en\/wp-json\/wp\/v2\/pages"}],"about":[{"href":"https:\/\/www.rugby-unterfoehring.de\/en\/wp-json\/wp\/v2\/types\/page"}],"author":[{"embeddable":true,"href":"https:\/\/www.rugby-unterfoehring.de\/en\/wp-json\/wp\/v2\/users\/8"}],"replies":[{"embeddable":true,"href":"https:\/\/www.rugby-unterfoehring.de\/en\/wp-json\/wp\/v2\/comments?post=1523"}],"version-history":[{"count":3,"href":"https:\/\/www.rugby-unterfoehring.de\/en\/wp-json\/wp\/v2\/pages\/1523\/revisions"}],"predecessor-version":[{"id":1536,"href":"https:\/\/www.rugby-unterfoehring.de\/en\/wp-json\/wp\/v2\/pages\/1523\/revisions\/1536"}],"wp:attachment":[{"href":"https:\/\/www.rugby-unterfoehring.de\/en\/wp-json\/wp\/v2\/media?parent=1523"}],"curies":[{"name":"wp","href":"https:\/\/api.w.org\/{rel}","templated":true}]}}