{"id":140,"date":"2019-09-30T12:54:26","date_gmt":"2019-09-30T12:54:26","guid":{"rendered":"http:\/\/www.rugby-unterfoehring.de\/?page_id=140"},"modified":"2024-12-22T11:57:13","modified_gmt":"2024-12-22T10:57:13","slug":"sponsoren","status":"publish","type":"page","link":"https:\/\/www.rugby-unterfoehring.de\/en\/sponsoren\/","title":{"rendered":"Sponsoren"},"content":{"rendered":"\n<p><\/p>\n\n\n\n<figure class=\"wp-block-image size-large is-resized\"><img loading=\"lazy\" decoding=\"async\" width=\"300\" height=\"150\" src=\"https:\/\/www.rugby-unterfoehring.de\/wp-content\/uploads\/2020\/11\/edeka_neu.png\" alt=\"\" class=\"wp-image-441\" style=\"width:434px;height:217px\"\/><figcaption class=\"wp-element-caption\">Die Familien Stadler und Honner begleiten den RCU seid Gr\u00fcndung. <a href=\"https:\/\/die-frisch-nachbarn.de\/\">https:\/\/die-frisch-nachbarn.de\/<\/a><\/figcaption><\/figure>\n\n\n\n<p><\/p>\n\n\n\n<figure class=\"wp-block-image size-large\"><img loading=\"lazy\" decoding=\"async\" width=\"600\" height=\"300\" src=\"https:\/\/www.rugby-unterfoehring.de\/wp-content\/uploads\/2020\/11\/logo_geovol_geothermie.png\" alt=\"\" class=\"wp-image-435\" srcset=\"https:\/\/www.rugby-unterfoehring.de\/wp-content\/uploads\/2020\/11\/logo_geovol_geothermie.png 600w, https:\/\/www.rugby-unterfoehring.de\/wp-content\/uploads\/2020\/11\/logo_geovol_geothermie-300x150.png 300w\" sizes=\"auto, (max-width: 600px) 100vw, 600px\" \/><\/figure>\n\n\n\n<p>Danke an die GEOVOL Unterf\u00f6hring GmbH, f\u00fcr die jahrelange Unterst\u00fctzung. <a href=\"https:\/\/www.geovol.de\/\">https:\/\/www.geovol.de\/<\/a><\/p>\n\n\n\n<p><\/p>\n\n\n\n<figure class=\"wp-block-image size-large\"><img loading=\"lazy\" decoding=\"async\" width=\"1024\" height=\"257\" src=\"https:\/\/www.rugby-unterfoehring.de\/wp-content\/uploads\/2024\/12\/image-1024x257.png\" alt=\"\" class=\"wp-image-1648\" srcset=\"https:\/\/www.rugby-unterfoehring.de\/wp-content\/uploads\/2024\/12\/image-1024x257.png 1024w, https:\/\/www.rugby-unterfoehring.de\/wp-content\/uploads\/2024\/12\/image-300x75.png 300w, https:\/\/www.rugby-unterfoehring.de\/wp-content\/uploads\/2024\/12\/image-768x193.png 768w, https:\/\/www.rugby-unterfoehring.de\/wp-content\/uploads\/2024\/12\/image-1536x386.png 1536w, https:\/\/www.rugby-unterfoehring.de\/wp-content\/uploads\/2024\/12\/image-2048x514.png 2048w, https:\/\/www.rugby-unterfoehring.de\/wp-content\/uploads\/2024\/12\/image-1320x332.png 1320w\" sizes=\"auto, (max-width: 1024px) 100vw, 1024px\" \/><\/figure>\n\n\n\n<p>Danke an AT Industries GmbH. <a href=\"https:\/\/atindustries.eu\/\">https:\/\/atindustries.eu\/<\/a><\/p>\n","protected":false},"excerpt":{"rendered":"<p>Danke an die GEOVOL Unterf\u00f6hring GmbH, f\u00fcr die jahrelange Unterst\u00fctzung. https:\/\/www.geovol.de\/ Danke an AT Industries GmbH. https:\/\/atindustries.eu\/<\/p>\n","protected":false},"author":2,"featured_media":0,"parent":0,"menu_order":0,"comment_status":"closed","ping_status":"closed","template":"","meta":{"_price":"","_stock":"","_tribe_ticket_header":"","_tribe_default_ticket_provider":"","_tribe_ticket_capacity":"0","_ticket_start_date":"","_ticket_end_date":"","_tribe_ticket_show_description":"","_tribe_ticket_show_not_going":false,"_tribe_ticket_use_global_stock":"","_tribe_ticket_global_stock_level":"","_global_stock_mode":"","_global_stock_cap":"","_tribe_rsvp_for_event":"","_tribe_ticket_going_count":"","_tribe_ticket_not_going_count":"","_tribe_tickets_list":"[]","_tribe_ticket_has_attendee_info_fields":false,"footnotes":""},"class_list":["post-140","page","type-page","status-publish","hentry"],"translation":{"provider":"WPGlobus","version":"3.0.2","language":"en","enabled_languages":["de","en"],"languages":{"de":{"title":true,"content":true,"excerpt":false},"en":{"title":false,"content":false,"excerpt":false}}},"_links":{"self":[{"href":"https:\/\/www.rugby-unterfoehring.de\/en\/wp-json\/wp\/v2\/pages\/140","targetHints":{"allow":["GET"]}}],"collection":[{"href":"https:\/\/www.rugby-unterfoehring.de\/en\/wp-json\/wp\/v2\/pages"}],"about":[{"href":"https:\/\/www.rugby-unterfoehring.de\/en\/wp-json\/wp\/v2\/types\/page"}],"author":[{"embeddable":true,"href":"https:\/\/www.rugby-unterfoehring.de\/en\/wp-json\/wp\/v2\/users\/2"}],"replies":[{"embeddable":true,"href":"https:\/\/www.rugby-unterfoehring.de\/en\/wp-json\/wp\/v2\/comments?post=140"}],"version-history":[{"count":3,"href":"https:\/\/www.rugby-unterfoehring.de\/en\/wp-json\/wp\/v2\/pages\/140\/revisions"}],"predecessor-version":[{"id":1649,"href":"https:\/\/www.rugby-unterfoehring.de\/en\/wp-json\/wp\/v2\/pages\/140\/revisions\/1649"}],"wp:attachment":[{"href":"https:\/\/www.rugby-unterfoehring.de\/en\/wp-json\/wp\/v2\/media?parent=140"}],"curies":[{"name":"wp","href":"https:\/\/api.w.org\/{rel}","templated":true}]}}