{"id":11,"date":"2019-03-24T15:07:54","date_gmt":"2019-03-24T15:07:54","guid":{"rendered":"http:\/\/www.rugby-unterfoehring.de\/?page_id=11"},"modified":"2026-04-19T10:04:24","modified_gmt":"2026-04-19T08:04:24","slug":"start","status":"publish","type":"page","link":"https:\/\/www.rugby-unterfoehring.de\/en\/","title":{"rendered":"Willkommen beim RCU"},"content":{"rendered":"\n<div id=\"ez-toc-container\" class=\"ez-toc-v2_0_82_2 counter-hierarchy ez-toc-counter ez-toc-grey ez-toc-container-direction\">\n<div class=\"ez-toc-title-container\">\n<p class=\"ez-toc-title\" style=\"cursor:inherit\">Seiteninhalt<\/p>\n<span class=\"ez-toc-title-toggle\"><a href=\"#\" class=\"ez-toc-pull-right ez-toc-btn ez-toc-btn-xs ez-toc-btn-default ez-toc-toggle\" aria-label=\"Toggle Table of Content\"><span class=\"ez-toc-js-icon-con\"><span class=\"\"><span class=\"eztoc-hide\" style=\"display:none;\">Toggle<\/span><span class=\"ez-toc-icon-toggle-span\"><svg style=\"fill: #999;color:#999\" xmlns=\"http:\/\/www.w3.org\/2000\/svg\" class=\"list-377408\" width=\"20px\" height=\"20px\" viewBox=\"0 0 24 24\" fill=\"none\"><path d=\"M6 6H4v2h2V6zm14 0H8v2h12V6zM4 11h2v2H4v-2zm16 0H8v2h12v-2zM4 16h2v2H4v-2zm16 0H8v2h12v-2z\" fill=\"currentColor\"><\/path><\/svg><svg style=\"fill: #999;color:#999\" class=\"arrow-unsorted-368013\" xmlns=\"http:\/\/www.w3.org\/2000\/svg\" width=\"10px\" height=\"10px\" viewBox=\"0 0 24 24\" version=\"1.2\" baseProfile=\"tiny\"><path d=\"M18.2 9.3l-6.2-6.3-6.2 6.3c-.2.2-.3.4-.3.7s.1.5.3.7c.2.2.4.3.7.3h11c.3 0 .5-.1.7-.3.2-.2.3-.5.3-.7s-.1-.5-.3-.7zM5.8 14.7l6.2 6.3 6.2-6.3c.2-.2.3-.5.3-.7s-.1-.5-.3-.7c-.2-.2-.4-.3-.7-.3h-11c-.3 0-.5.1-.7.3-.2.2-.3.5-.3.7s.1.5.3.7z\"\/><\/svg><\/span><\/span><\/span><\/a><\/span><\/div>\n<nav><ul class='ez-toc-list ez-toc-list-level-1 ' ><li class='ez-toc-page-1 ez-toc-heading-level-2'><a class=\"ez-toc-link ez-toc-heading-1\" href=\"https:\/\/www.rugby-unterfoehring.de\/en\/#Rugby_in_Munchen_Land\" >Rugby in M\u00fcnchen Land<\/a><\/li><li class='ez-toc-page-1 ez-toc-heading-level-2'><a class=\"ez-toc-link ez-toc-heading-2\" href=\"https:\/\/www.rugby-unterfoehring.de\/en\/#Rugby_Sommercamp_2026\" >Rugby Sommercamp 2026<\/a><\/li><li class='ez-toc-page-1 ez-toc-heading-level-2'><a class=\"ez-toc-link ez-toc-heading-3\" href=\"https:\/\/www.rugby-unterfoehring.de\/en\/#Aktuelle_Trainingszeiten\" >Aktuelle Trainingszeiten<\/a><\/li><li class='ez-toc-page-1 ez-toc-heading-level-2'><a class=\"ez-toc-link ez-toc-heading-4\" href=\"https:\/\/www.rugby-unterfoehring.de\/en\/#Unterstutze_den_RCU\" >Unterst\u00fctze den RCU<\/a><\/li><li class='ez-toc-page-1 ez-toc-heading-level-2'><a class=\"ez-toc-link ez-toc-heading-5\" href=\"https:\/\/www.rugby-unterfoehring.de\/en\/#WERDE_TEIL_DER_RUGBY_CLUB_UNTERFOHRING_COMMUNITY\" >WERDE TEIL DER RUGBY CLUB UNTERF\u00d6HRING COMMUNITY!<\/a><\/li><li class='ez-toc-page-1 ez-toc-heading-level-2'><a class=\"ez-toc-link ez-toc-heading-6\" href=\"https:\/\/www.rugby-unterfoehring.de\/en\/#Einige_Infos_uber_uns_wie_auch_anstehende_Termine_findest_Du_neben_dieser_Homepage_auch_auf_Facebook_Wikipedia_Instagram_oder_LinkedIn\" >Einige Infos \u00fcber uns wie auch anstehende Termine findest Du neben dieser Homepage auch auf&nbsp;Facebook,&nbsp;Wikipedia, Instagram oder LinkedIn.<\/a><\/li><\/ul><\/nav><\/div>\n<h2 class=\"wp-block-heading\"><span class=\"ez-toc-section\" id=\"Rugby_in_Munchen_Land\"><\/span>Rugby in M\u00fcnchen Land<span class=\"ez-toc-section-end\"><\/span><\/h2>\n\n\n\n<p>Herzlich Willkommen in unserer Rugby Familie! Der Rugby Club Unterf\u00f6hring e.V. wurde am 21.06.2012 gegr\u00fcndet. In k\u00fcrzester Zeit haben sich zwei Herren Mannschaften, eine Frauen 7er Mannschaft und Jugendmannschaften von U6-U18 entwickelt. Seit 2017 ist der Verein der zweitgr\u00f6\u00dfte Rugby Verein in Bayern.<\/p>\n\n\n\n<p><\/p>\n\n\n\n<h2 class=\"wp-block-heading\"><span class=\"ez-toc-section\" id=\"Rugby_Sommercamp_2026\"><\/span>Rugby Sommercamp 2026<span class=\"ez-toc-section-end\"><\/span><\/h2>\n\n\n\n<p><a href=\"https:\/\/www.rugby-unterfoehring.de\/sommercamp\/\" data-type=\"link\" data-id=\"https:\/\/www.rugby-unterfoehring.de\/sommercamp\/\">Weitere Infos zum Rugby Sommercamp 2026<\/a><\/p>\n\n\n\n<figure class=\"wp-block-image size-large\"><img loading=\"lazy\" decoding=\"async\" width=\"819\" height=\"1024\" src=\"https:\/\/www.rugby-unterfoehring.de\/wp-content\/uploads\/2026\/04\/Blue-And-Yellow-Modern-Kids-Football-Camp-Instagram-Post-819x1024.png\" alt=\"\" class=\"wp-image-2055\" srcset=\"https:\/\/www.rugby-unterfoehring.de\/wp-content\/uploads\/2026\/04\/Blue-And-Yellow-Modern-Kids-Football-Camp-Instagram-Post-819x1024.png 819w, https:\/\/www.rugby-unterfoehring.de\/wp-content\/uploads\/2026\/04\/Blue-And-Yellow-Modern-Kids-Football-Camp-Instagram-Post-240x300.png 240w, https:\/\/www.rugby-unterfoehring.de\/wp-content\/uploads\/2026\/04\/Blue-And-Yellow-Modern-Kids-Football-Camp-Instagram-Post-768x960.png 768w, https:\/\/www.rugby-unterfoehring.de\/wp-content\/uploads\/2026\/04\/Blue-And-Yellow-Modern-Kids-Football-Camp-Instagram-Post.png 1080w\" sizes=\"auto, (max-width: 819px) 100vw, 819px\" \/><\/figure>\n\n\n\n<h2 class=\"wp-block-heading\"><span class=\"ez-toc-section\" id=\"Aktuelle_Trainingszeiten\"><\/span>Aktuelle Trainingszeiten<span class=\"ez-toc-section-end\"><\/span><\/h2>\n\n\n\n<p>Wir freuen uns jederzeit \u00fcber Spieler und Spielerinnen mit und ohne Erfahrung.<\/p>\n\n\n\n<p>Der Rugby Club Unterf\u00f6hring e.V. trainiert am Trainingsgel\u00e4nde am Etzweg in Unterf\u00f6hring. Wie ihr zu uns kommt findet ihr unter&nbsp;<a href=\"https:\/\/www.rugby-unterfoehring.de\/anfahrt\/\">Anfahrt<\/a>.<\/p>\n\n\n\n<figure class=\"wp-block-table\"><table><tbody><tr><td class=\"has-text-align-center\" data-align=\"center\"><\/td><td class=\"has-text-align-center\" data-align=\"center\">Traingszeiten 2026<\/td><\/tr><tr><td class=\"has-text-align-center\" data-align=\"center\">Herren<\/td><td class=\"has-text-align-center\" data-align=\"center\">Dienstags &amp; Donnerstags 19:30 &#8211; 21:00 Uhr, Treffen ab 19 Uhr<br>Ort: <a href=\"https:\/\/www.rugby-unterfoehring.de\/anfahrt\/\">Rugby Platz in Unterf\u00f6hring<\/a><\/td><\/tr><tr><td class=\"has-text-align-center\" data-align=\"center\">Touch<\/td><td class=\"has-text-align-center\" data-align=\"center\">Touch trifft sich regelm\u00e4\u00dfig <strong>Sonntags von 10 Uhr bis 12 Uhr<\/strong> im englischen Garten. N\u00e4here Details auf der <a href=\"https:\/\/www.meetup.com\/munchen-touch-rugby-social-sunday-game-in-englischer-garten\/\" target=\"_blank\" rel=\"noreferrer noopener\">Meetup Plattform<\/a>. <\/td><\/tr><tr><td class=\"has-text-align-center\" data-align=\"center\">U16<\/td><td class=\"has-text-align-center\" data-align=\"center\">Dienstags &amp; Donnerstags, 17:45 bis 19:15 Uhr, am <a href=\"https:\/\/www.rugby-unterfoehring.de\/anfahrt\/\">Rugby Platz in Unterf\u00f6hring<\/a><\/td><\/tr><tr><td class=\"has-text-align-center\" data-align=\"center\">U12+U14<\/td><td class=\"has-text-align-center\" data-align=\"center\">Dienstags &amp; Donnerstags, 17:45 bis 19:15 Uhr, am <a href=\"https:\/\/www.rugby-unterfoehring.de\/anfahrt\/\">Rugby Platz in Unterf\u00f6hring<\/a><\/td><\/tr><tr><td class=\"has-text-align-center\" data-align=\"center\">U8-U10<\/td><td class=\"has-text-align-center\" data-align=\"center\">Donnerstags, 17:45 bis 19:15 Uhr, am <a href=\"https:\/\/www.rugby-unterfoehring.de\/anfahrt\/\">Rugby Platz in Unterf\u00f6hring<\/a><\/td><\/tr><tr><td class=\"has-text-align-center\" data-align=\"center\">U4-U6<\/td><td class=\"has-text-align-center\" data-align=\"center\">Dienstags &amp; Donnerstags, 17:00 bis 18:00, am <a href=\"https:\/\/www.rugby-unterfoehring.de\/anfahrt\/\">Rugby Platz in Unterf\u00f6hring<\/a><\/td><\/tr><\/tbody><\/table><\/figure>\n\n\n\n<h2 class=\"wp-block-heading\"><span class=\"ez-toc-section\" id=\"Unterstutze_den_RCU\"><\/span>Unterst\u00fctze den RCU<span class=\"ez-toc-section-end\"><\/span><\/h2>\n\n\n\n<p>Es besteht die M\u00f6glichkeit <a href=\"https:\/\/www.rugby-unterfoehring.de\/mitglied-werden\/\">stilles Mitglied<\/a> zu werden, uns <a href=\"https:\/\/www.rugby-unterfoehring.de\/impressum\/\">finanziell mit einer Spende<\/a> zu unterst\u00fctzen, <a href=\"https:\/\/www.rugby-unterfoehring.de\/sponsoren\/\">Sponsor zu werden<\/a> oder sich als <a href=\"https:\/\/www.rugby-unterfoehring.de\/Trainersuche\/\" data-type=\"link\" data-id=\"https:\/\/www.rugby-unterfoehring.de\/Trainersuche\/\">Jugendtrainer\/-betreuer<\/a> zu engagieren.<\/p>\n\n\n\n<div class=\"wp-block-group\"><div class=\"wp-block-group__inner-container is-layout-constrained wp-block-group-is-layout-constrained\">\n<div class=\"wp-block-group\"><div class=\"wp-block-group__inner-container is-layout-constrained wp-block-group-is-layout-constrained\"><\/div><\/div>\n<\/div><\/div>\n\n\n\n<p><\/p>\n\n\n\n<h2 class=\"wp-block-heading\"><span class=\"ez-toc-section\" id=\"WERDE_TEIL_DER_RUGBY_CLUB_UNTERFOHRING_COMMUNITY\"><\/span>WERDE TEIL DER RUGBY CLUB UNTERF\u00d6HRING COMMUNITY!<span class=\"ez-toc-section-end\"><\/span><\/h2>\n\n\n\n<figure class=\"wp-block-image size-full\"><img loading=\"lazy\" decoding=\"async\" width=\"756\" height=\"756\" src=\"https:\/\/www.rugby-unterfoehring.de\/wp-content\/uploads\/2022\/09\/recruitment-poster-bok-auf-rugby-1.png\" alt=\"\" class=\"wp-image-652\" srcset=\"https:\/\/www.rugby-unterfoehring.de\/wp-content\/uploads\/2022\/09\/recruitment-poster-bok-auf-rugby-1.png 756w, https:\/\/www.rugby-unterfoehring.de\/wp-content\/uploads\/2022\/09\/recruitment-poster-bok-auf-rugby-1-300x300.png 300w, https:\/\/www.rugby-unterfoehring.de\/wp-content\/uploads\/2022\/09\/recruitment-poster-bok-auf-rugby-1-150x150.png 150w, https:\/\/www.rugby-unterfoehring.de\/wp-content\/uploads\/2022\/09\/recruitment-poster-bok-auf-rugby-1-128x128.png 128w, https:\/\/www.rugby-unterfoehring.de\/wp-content\/uploads\/2022\/09\/recruitment-poster-bok-auf-rugby-1-32x32.png 32w\" sizes=\"auto, (max-width: 756px) 100vw, 756px\" \/><figcaption class=\"wp-element-caption\">Bock auf Rugby? Anfang September startet die Saison und wir sind grad mitten in der Vorbereitung auf die neue Saison. Komm einfach Dienstags oder Donnerstags ab 19:30 Uhr vorbei. Wir freuen uns!<\/figcaption><\/figure>\n\n\n\n<h2 class=\"wp-block-heading\"><span class=\"ez-toc-section\" id=\"Einige_Infos_uber_uns_wie_auch_anstehende_Termine_findest_Du_neben_dieser_Homepage_auch_auf_Facebook_Wikipedia_Instagram_oder_LinkedIn\"><\/span>Einige Infos \u00fcber uns wie auch anstehende Termine findest Du neben dieser Homepage auch auf&nbsp;<a href=\"https:\/\/www.facebook.com\/RugbyUfg\/\" target=\"_blank\" rel=\"noreferrer noopener\">Facebook<\/a>,&nbsp;<a href=\"https:\/\/en.wikipedia.org\/wiki\/RC_Unterf%C3%B6hring\" target=\"_blank\" rel=\"noreferrer noopener\">Wikipedia<\/a>, <a href=\"https:\/\/www.instagram.com\/rugby_club_unterfoehring\/\" target=\"_blank\" rel=\"noreferrer noopener\">Instagram<\/a> oder <a href=\"https:\/\/www.linkedin.com\/company\/rugby-club-unterf%C3%B6hring\" target=\"_blank\" rel=\"noreferrer noopener\">LinkedIn<\/a>. <span class=\"ez-toc-section-end\"><\/span><\/h2>\n\n\n\n<p><\/p>\n","protected":false},"excerpt":{"rendered":"<p>Rugby in M\u00fcnchen Land Herzlich Willkommen in unserer Rugby Familie! Der Rugby Club Unterf\u00f6hring e.V. wurde am 21.06.2012 gegr\u00fcndet. In k\u00fcrzester Zeit haben sich zwei Herren Mannschaften, eine Frauen 7er [&hellip;]<\/p>\n","protected":false},"author":1,"featured_media":0,"parent":0,"menu_order":0,"comment_status":"closed","ping_status":"closed","template":"template-homepage.php","meta":{"_price":"","_stock":"","_tribe_ticket_header":"","_tribe_default_ticket_provider":"","_tribe_ticket_capacity":"0","_ticket_start_date":"","_ticket_end_date":"","_tribe_ticket_show_description":"","_tribe_ticket_show_not_going":false,"_tribe_ticket_use_global_stock":"","_tribe_ticket_global_stock_level":"","_global_stock_mode":"","_global_stock_cap":"","_tribe_rsvp_for_event":"","_tribe_ticket_going_count":"","_tribe_ticket_not_going_count":"","_tribe_tickets_list":"[]","_tribe_ticket_has_attendee_info_fields":false,"footnotes":""},"class_list":["post-11","page","type-page","status-publish","hentry"],"translation":{"provider":"WPGlobus","version":"3.0.2","language":"en","enabled_languages":["de","en"],"languages":{"de":{"title":true,"content":true,"excerpt":false},"en":{"title":false,"content":false,"excerpt":false}}},"_links":{"self":[{"href":"https:\/\/www.rugby-unterfoehring.de\/en\/wp-json\/wp\/v2\/pages\/11","targetHints":{"allow":["GET"]}}],"collection":[{"href":"https:\/\/www.rugby-unterfoehring.de\/en\/wp-json\/wp\/v2\/pages"}],"about":[{"href":"https:\/\/www.rugby-unterfoehring.de\/en\/wp-json\/wp\/v2\/types\/page"}],"author":[{"embeddable":true,"href":"https:\/\/www.rugby-unterfoehring.de\/en\/wp-json\/wp\/v2\/users\/1"}],"replies":[{"embeddable":true,"href":"https:\/\/www.rugby-unterfoehring.de\/en\/wp-json\/wp\/v2\/comments?post=11"}],"version-history":[{"count":3,"href":"https:\/\/www.rugby-unterfoehring.de\/en\/wp-json\/wp\/v2\/pages\/11\/revisions"}],"predecessor-version":[{"id":2058,"href":"https:\/\/www.rugby-unterfoehring.de\/en\/wp-json\/wp\/v2\/pages\/11\/revisions\/2058"}],"wp:attachment":[{"href":"https:\/\/www.rugby-unterfoehring.de\/en\/wp-json\/wp\/v2\/media?parent=11"}],"curies":[{"name":"wp","href":"https:\/\/api.w.org\/{rel}","templated":true}]}}